{"id":3160,"date":"2023-11-16T23:24:18","date_gmt":"2023-11-16T22:24:18","guid":{"rendered":"http:\/\/stampcurio.com\/?post_type=product&#038;p=3160"},"modified":"2025-12-05T04:13:02","modified_gmt":"2025-12-05T03:13:02","slug":"1919-zombori-porto-provizorium-ceges-helyi-boritekon-pruf-bodor","status":"publish","type":"product","link":"https:\/\/stampcurio.com\/hu\/termek\/1919-zombori-porto-provizorium-ceges-helyi-boritekon-pruf-bodor\/","title":{"rendered":"1919 Zombori port\u00f3 proviz\u00f3rium c\u00e9ges helyi bor\u00edt\u00e9kon &#8211; pr\u00fcf Bodor"},"content":{"rendered":"","protected":false},"excerpt":{"rendered":"","protected":false},"featured_media":11250,"template":"","meta":[],"product_brand":[],"product_cat":[73,135],"product_tag":[1044,116,1008,176,108,89,256],"class_list":{"0":"post-3160","1":"product","2":"type-product","3":"status-publish","4":"has-post-thumbnail","6":"product_cat-magyarorszag-1st","7":"product_cat-szerbia-1st","8":"product_tag-1st-auction-hu","9":"product_tag-belyeg","10":"product_tag-ebay","11":"product_tag-philagem","12":"product_tag-porto","13":"product_tag-postatortenet","14":"product_tag-provizorium","15":"pa_catalog_id-398","17":"first","18":"outofstock","19":"sold-individually","20":"shipping-taxable","21":"product-type-simple"},"_links":{"self":[{"href":"https:\/\/stampcurio.com\/hu\/wp-json\/wp\/v2\/product\/3160","targetHints":{"allow":["GET"]}}],"collection":[{"href":"https:\/\/stampcurio.com\/hu\/wp-json\/wp\/v2\/product"}],"about":[{"href":"https:\/\/stampcurio.com\/hu\/wp-json\/wp\/v2\/types\/product"}],"wp:featuredmedia":[{"embeddable":true,"href":"https:\/\/stampcurio.com\/hu\/wp-json\/wp\/v2\/media\/11250"}],"wp:attachment":[{"href":"https:\/\/stampcurio.com\/hu\/wp-json\/wp\/v2\/media?parent=3160"}],"wp:term":[{"taxonomy":"product_brand","embeddable":true,"href":"https:\/\/stampcurio.com\/hu\/wp-json\/wp\/v2\/product_brand?post=3160"},{"taxonomy":"product_cat","embeddable":true,"href":"https:\/\/stampcurio.com\/hu\/wp-json\/wp\/v2\/product_cat?post=3160"},{"taxonomy":"product_tag","embeddable":true,"href":"https:\/\/stampcurio.com\/hu\/wp-json\/wp\/v2\/product_tag?post=3160"}],"curies":[{"name":"wp","href":"https:\/\/api.w.org\/{rel}","templated":true}]}}