{"id":3158,"date":"2023-11-16T23:16:53","date_gmt":"2023-11-16T22:16:53","guid":{"rendered":"http:\/\/stampcurio.com\/?post_type=product&#038;p=3158"},"modified":"2025-12-05T04:13:03","modified_gmt":"2025-12-05T03:13:03","slug":"1951-argentina-az-egyesult-allamok-kovetsegenek-boritekja-diplomaciai-kuldemeny-belyegzessel","status":"publish","type":"product","link":"https:\/\/stampcurio.com\/hu\/termek\/1951-argentina-az-egyesult-allamok-kovetsegenek-boritekja-diplomaciai-kuldemeny-belyegzessel\/","title":{"rendered":"1951 Argent\u00edna &#8211; az Egyes\u00fclt \u00c1llamok k\u00f6vets\u00e9g\u00e9nek bor\u00edt\u00e9kja &#8211; &#8220;diplom\u00e1ciai k\u00fcldem\u00e9ny&#8221; b\u00e9lyegz\u00e9ssel"},"content":{"rendered":"","protected":false},"excerpt":{"rendered":"","protected":false},"featured_media":11253,"template":"","meta":[],"product_brand":[],"product_cat":[114,298],"product_tag":[1044,1008,127,67,89],"class_list":{"0":"post-3158","1":"product","2":"type-product","3":"status-publish","4":"has-post-thumbnail","6":"product_cat-argentina-1st","7":"product_cat-egyesult-allamok-1st","8":"product_tag-1st-auction-hu","9":"product_tag-ebay","10":"product_tag-konzulatusi-posta","11":"product_tag-marcofilatelia","12":"product_tag-postatortenet","13":"pa_catalog_id-397","15":"first","16":"outofstock","17":"sold-individually","18":"shipping-taxable","19":"product-type-simple"},"_links":{"self":[{"href":"https:\/\/stampcurio.com\/hu\/wp-json\/wp\/v2\/product\/3158","targetHints":{"allow":["GET"]}}],"collection":[{"href":"https:\/\/stampcurio.com\/hu\/wp-json\/wp\/v2\/product"}],"about":[{"href":"https:\/\/stampcurio.com\/hu\/wp-json\/wp\/v2\/types\/product"}],"wp:featuredmedia":[{"embeddable":true,"href":"https:\/\/stampcurio.com\/hu\/wp-json\/wp\/v2\/media\/11253"}],"wp:attachment":[{"href":"https:\/\/stampcurio.com\/hu\/wp-json\/wp\/v2\/media?parent=3158"}],"wp:term":[{"taxonomy":"product_brand","embeddable":true,"href":"https:\/\/stampcurio.com\/hu\/wp-json\/wp\/v2\/product_brand?post=3158"},{"taxonomy":"product_cat","embeddable":true,"href":"https:\/\/stampcurio.com\/hu\/wp-json\/wp\/v2\/product_cat?post=3158"},{"taxonomy":"product_tag","embeddable":true,"href":"https:\/\/stampcurio.com\/hu\/wp-json\/wp\/v2\/product_tag?post=3158"}],"curies":[{"name":"wp","href":"https:\/\/api.w.org\/{rel}","templated":true}]}}