{"id":3139,"date":"2023-11-16T23:03:39","date_gmt":"2023-11-16T22:03:39","guid":{"rendered":"http:\/\/stampcurio.com\/?post_type=product&#038;p=3139"},"modified":"2025-12-05T04:13:03","modified_gmt":"2025-12-05T03:13:03","slug":"1924-hohen-rinne-piros-teljes-iv-a-4-ivhelyen-a-napsutes-bal-oldalon-es-hianyzo-kereszt-a-hazon-altipusu-belyeg","status":"publish","type":"product","link":"https:\/\/stampcurio.com\/hu\/termek\/1924-hohen-rinne-piros-teljes-iv-a-4-ivhelyen-a-napsutes-bal-oldalon-es-hianyzo-kereszt-a-hazon-altipusu-belyeg\/","title":{"rendered":"1924 Hohen Rinne piros teljes \u00edv a 4. \u00edvhelyen a &#8220;naps\u00fct\u00e9s bal oldalon \u00e9s hi\u00e1nyz\u00f3 kereszt a h\u00e1zon&#8221; alt\u00edpus\u00fa b\u00e9lyeg"},"content":{"rendered":"","protected":false},"excerpt":{"rendered":"","protected":false},"featured_media":11266,"template":"","meta":[],"product_brand":[],"product_cat":[73,105],"product_tag":[1044,116,175],"class_list":{"0":"post-3139","1":"product","2":"type-product","3":"status-publish","4":"has-post-thumbnail","6":"product_cat-magyarorszag-1st","7":"product_cat-romania-1st","8":"product_tag-1st-auction-hu","9":"product_tag-belyeg","10":"product_tag-hotelposta","11":"pa_catalog_id-395","13":"first","14":"outofstock","15":"sold-individually","16":"shipping-taxable","17":"product-type-simple"},"_links":{"self":[{"href":"https:\/\/stampcurio.com\/hu\/wp-json\/wp\/v2\/product\/3139","targetHints":{"allow":["GET"]}}],"collection":[{"href":"https:\/\/stampcurio.com\/hu\/wp-json\/wp\/v2\/product"}],"about":[{"href":"https:\/\/stampcurio.com\/hu\/wp-json\/wp\/v2\/types\/product"}],"wp:featuredmedia":[{"embeddable":true,"href":"https:\/\/stampcurio.com\/hu\/wp-json\/wp\/v2\/media\/11266"}],"wp:attachment":[{"href":"https:\/\/stampcurio.com\/hu\/wp-json\/wp\/v2\/media?parent=3139"}],"wp:term":[{"taxonomy":"product_brand","embeddable":true,"href":"https:\/\/stampcurio.com\/hu\/wp-json\/wp\/v2\/product_brand?post=3139"},{"taxonomy":"product_cat","embeddable":true,"href":"https:\/\/stampcurio.com\/hu\/wp-json\/wp\/v2\/product_cat?post=3139"},{"taxonomy":"product_tag","embeddable":true,"href":"https:\/\/stampcurio.com\/hu\/wp-json\/wp\/v2\/product_tag?post=3139"}],"curies":[{"name":"wp","href":"https:\/\/api.w.org\/{rel}","templated":true}]}}