{"id":3137,"date":"2023-11-16T22:48:42","date_gmt":"2023-11-16T21:48:42","guid":{"rendered":"http:\/\/stampcurio.com\/?post_type=product&#038;p=3137"},"modified":"2025-12-05T04:13:04","modified_gmt":"2025-12-05T03:13:04","slug":"1900-ausztria-harom-hasznalatlan-postai-nyomtatvany-ket-postautalvany-es-egy-tavirat","status":"publish","type":"product","link":"https:\/\/stampcurio.com\/hu\/termek\/1900-ausztria-harom-hasznalatlan-postai-nyomtatvany-ket-postautalvany-es-egy-tavirat\/","title":{"rendered":"~1900 Ausztria h\u00e1rom haszn\u00e1latlan postai nyomtatv\u00e1ny, k\u00e9t postautalv\u00e1ny \u00e9s egy t\u00e1virat"},"content":{"rendered":"","protected":false},"excerpt":{"rendered":"","protected":false},"featured_media":2947,"template":"","meta":[],"product_brand":[],"product_cat":[60],"product_tag":[1044,74,351,209],"class_list":{"0":"post-3137","1":"product","2":"type-product","3":"status-publish","4":"has-post-thumbnail","6":"product_cat-ausztria-1st","7":"product_tag-1st-auction-hu","8":"product_tag-dijjegyes","9":"product_tag-postautalvany","10":"product_tag-tavirat","11":"pa_catalog_id-394","13":"first","14":"outofstock","15":"sold-individually","16":"shipping-taxable","17":"product-type-simple"},"_links":{"self":[{"href":"https:\/\/stampcurio.com\/hu\/wp-json\/wp\/v2\/product\/3137","targetHints":{"allow":["GET"]}}],"collection":[{"href":"https:\/\/stampcurio.com\/hu\/wp-json\/wp\/v2\/product"}],"about":[{"href":"https:\/\/stampcurio.com\/hu\/wp-json\/wp\/v2\/types\/product"}],"wp:featuredmedia":[{"embeddable":true,"href":"https:\/\/stampcurio.com\/hu\/wp-json\/wp\/v2\/media\/2947"}],"wp:attachment":[{"href":"https:\/\/stampcurio.com\/hu\/wp-json\/wp\/v2\/media?parent=3137"}],"wp:term":[{"taxonomy":"product_brand","embeddable":true,"href":"https:\/\/stampcurio.com\/hu\/wp-json\/wp\/v2\/product_brand?post=3137"},{"taxonomy":"product_cat","embeddable":true,"href":"https:\/\/stampcurio.com\/hu\/wp-json\/wp\/v2\/product_cat?post=3137"},{"taxonomy":"product_tag","embeddable":true,"href":"https:\/\/stampcurio.com\/hu\/wp-json\/wp\/v2\/product_tag?post=3137"}],"curies":[{"name":"wp","href":"https:\/\/api.w.org\/{rel}","templated":true}]}}