{"id":3135,"date":"2023-11-16T22:44:09","date_gmt":"2023-11-16T21:44:09","guid":{"rendered":"http:\/\/stampcurio.com\/?post_type=product&#038;p=3135"},"modified":"2025-12-05T04:13:04","modified_gmt":"2025-12-05T03:13:04","slug":"1945-aprilis-23-szuksegtarifas-ajanlott-boritek-pestujhelyrol-visegradra-kuldve","status":"publish","type":"product","link":"https:\/\/stampcurio.com\/hu\/termek\/1945-aprilis-23-szuksegtarifas-ajanlott-boritek-pestujhelyrol-visegradra-kuldve\/","title":{"rendered":"1945 \u00e1prilis 23. &#8211; sz\u00fcks\u00e9gtarif\u00e1s aj\u00e1nlott bor\u00edt\u00e9k Pest\u00fajhelyr\u0151l Visegr\u00e1dra k\u00fcldve"},"content":{"rendered":"","protected":false},"excerpt":{"rendered":"","protected":false},"featured_media":11270,"template":"","meta":[],"product_brand":[],"product_cat":[73],"product_tag":[279,1044,89,256],"class_list":{"0":"post-3135","1":"product","2":"type-product","3":"status-publish","4":"has-post-thumbnail","6":"product_cat-magyarorszag-1st","7":"product_tag-1944-45","8":"product_tag-1st-auction-hu","9":"product_tag-postatortenet","10":"product_tag-provizorium","11":"pa_catalog_id-393","13":"first","14":"outofstock","15":"sold-individually","16":"shipping-taxable","17":"product-type-simple"},"_links":{"self":[{"href":"https:\/\/stampcurio.com\/hu\/wp-json\/wp\/v2\/product\/3135","targetHints":{"allow":["GET"]}}],"collection":[{"href":"https:\/\/stampcurio.com\/hu\/wp-json\/wp\/v2\/product"}],"about":[{"href":"https:\/\/stampcurio.com\/hu\/wp-json\/wp\/v2\/types\/product"}],"wp:featuredmedia":[{"embeddable":true,"href":"https:\/\/stampcurio.com\/hu\/wp-json\/wp\/v2\/media\/11270"}],"wp:attachment":[{"href":"https:\/\/stampcurio.com\/hu\/wp-json\/wp\/v2\/media?parent=3135"}],"wp:term":[{"taxonomy":"product_brand","embeddable":true,"href":"https:\/\/stampcurio.com\/hu\/wp-json\/wp\/v2\/product_brand?post=3135"},{"taxonomy":"product_cat","embeddable":true,"href":"https:\/\/stampcurio.com\/hu\/wp-json\/wp\/v2\/product_cat?post=3135"},{"taxonomy":"product_tag","embeddable":true,"href":"https:\/\/stampcurio.com\/hu\/wp-json\/wp\/v2\/product_tag?post=3135"}],"curies":[{"name":"wp","href":"https:\/\/api.w.org\/{rel}","templated":true}]}}