{"id":3133,"date":"2023-11-16T22:37:41","date_gmt":"2023-11-16T21:37:41","guid":{"rendered":"http:\/\/stampcurio.com\/?post_type=product&#038;p=3133"},"modified":"2025-12-05T04:13:05","modified_gmt":"2025-12-05T03:13:05","slug":"1944-december-a-megszallo-orosz-csapatok-tabori-posta-lapja-godollorol-a-szovjetunioba-kuldve","status":"publish","type":"product","link":"https:\/\/stampcurio.com\/hu\/termek\/1944-december-a-megszallo-orosz-csapatok-tabori-posta-lapja-godollorol-a-szovjetunioba-kuldve\/","title":{"rendered":"1944 december &#8211; a megsz\u00e1ll\u00f3 orosz csapatok t\u00e1bori posta lapja G\u00f6d\u00f6ll\u0151r\u0151l a Szovjetuni\u00f3ba k\u00fcldve"},"content":{"rendered":"","protected":false},"excerpt":{"rendered":"","protected":false},"featured_media":11273,"template":"","meta":[],"product_brand":[],"product_cat":[73,124],"product_tag":[279,1044,97,89,208],"class_list":{"0":"post-3133","1":"product","2":"type-product","3":"status-publish","4":"has-post-thumbnail","6":"product_cat-magyarorszag-1st","7":"product_cat-oroszorszag-1st","8":"product_tag-1944-45","9":"product_tag-1st-auction-hu","10":"product_tag-kepeslap","11":"product_tag-postatortenet","12":"product_tag-tabori-posta","13":"pa_catalog_id-392","15":"first","16":"outofstock","17":"sold-individually","18":"shipping-taxable","19":"product-type-simple"},"_links":{"self":[{"href":"https:\/\/stampcurio.com\/hu\/wp-json\/wp\/v2\/product\/3133","targetHints":{"allow":["GET"]}}],"collection":[{"href":"https:\/\/stampcurio.com\/hu\/wp-json\/wp\/v2\/product"}],"about":[{"href":"https:\/\/stampcurio.com\/hu\/wp-json\/wp\/v2\/types\/product"}],"wp:featuredmedia":[{"embeddable":true,"href":"https:\/\/stampcurio.com\/hu\/wp-json\/wp\/v2\/media\/11273"}],"wp:attachment":[{"href":"https:\/\/stampcurio.com\/hu\/wp-json\/wp\/v2\/media?parent=3133"}],"wp:term":[{"taxonomy":"product_brand","embeddable":true,"href":"https:\/\/stampcurio.com\/hu\/wp-json\/wp\/v2\/product_brand?post=3133"},{"taxonomy":"product_cat","embeddable":true,"href":"https:\/\/stampcurio.com\/hu\/wp-json\/wp\/v2\/product_cat?post=3133"},{"taxonomy":"product_tag","embeddable":true,"href":"https:\/\/stampcurio.com\/hu\/wp-json\/wp\/v2\/product_tag?post=3133"}],"curies":[{"name":"wp","href":"https:\/\/api.w.org\/{rel}","templated":true}]}}