{"id":3122,"date":"2023-11-16T22:27:00","date_gmt":"2023-11-16T21:27:00","guid":{"rendered":"http:\/\/stampcurio.com\/?post_type=product&#038;p=3122"},"modified":"2025-12-05T04:13:05","modified_gmt":"2025-12-05T03:13:05","slug":"1871-1921-a-magyar-belyeg-50-eves-jubileumara-keszult-levelzarok-egykepes-nagymeretu-nyomata","status":"publish","type":"product","link":"https:\/\/stampcurio.com\/hu\/termek\/1871-1921-a-magyar-belyeg-50-eves-jubileumara-keszult-levelzarok-egykepes-nagymeretu-nyomata\/","title":{"rendered":"1871 \/ 1921 a magyar b\u00e9lyeg 50 \u00e9ves jubileum\u00e1ra k\u00e9sz\u00fclt lev\u00e9lz\u00e1r\u00f3k egyk\u00e9pes nagym\u00e9ret\u0171 nyomata"},"content":{"rendered":"","protected":false},"excerpt":{"rendered":"<p>11,5 x 17 cm<\/p>\n","protected":false},"featured_media":2914,"template":"","meta":[],"product_brand":[],"product_cat":[73],"product_tag":[1044,116,194,288,390],"class_list":{"0":"post-3122","1":"product","2":"type-product","3":"status-publish","4":"has-post-thumbnail","6":"product_cat-magyarorszag-1st","7":"product_tag-1st-auction-hu","8":"product_tag-belyeg","9":"product_tag-levelzaro","10":"product_tag-parafilatelia","11":"product_tag-probanyomat","12":"pa_catalog_id-389","14":"first","15":"outofstock","16":"sold-individually","17":"shipping-taxable","18":"product-type-simple"},"_links":{"self":[{"href":"https:\/\/stampcurio.com\/hu\/wp-json\/wp\/v2\/product\/3122","targetHints":{"allow":["GET"]}}],"collection":[{"href":"https:\/\/stampcurio.com\/hu\/wp-json\/wp\/v2\/product"}],"about":[{"href":"https:\/\/stampcurio.com\/hu\/wp-json\/wp\/v2\/types\/product"}],"wp:featuredmedia":[{"embeddable":true,"href":"https:\/\/stampcurio.com\/hu\/wp-json\/wp\/v2\/media\/2914"}],"wp:attachment":[{"href":"https:\/\/stampcurio.com\/hu\/wp-json\/wp\/v2\/media?parent=3122"}],"wp:term":[{"taxonomy":"product_brand","embeddable":true,"href":"https:\/\/stampcurio.com\/hu\/wp-json\/wp\/v2\/product_brand?post=3122"},{"taxonomy":"product_cat","embeddable":true,"href":"https:\/\/stampcurio.com\/hu\/wp-json\/wp\/v2\/product_cat?post=3122"},{"taxonomy":"product_tag","embeddable":true,"href":"https:\/\/stampcurio.com\/hu\/wp-json\/wp\/v2\/product_tag?post=3122"}],"curies":[{"name":"wp","href":"https:\/\/api.w.org\/{rel}","templated":true}]}}