{"id":2891,"date":"2023-11-15T21:58:26","date_gmt":"2023-11-15T20:58:26","guid":{"rendered":"http:\/\/stampcurio.com\/?post_type=product&#038;p=2891"},"modified":"2025-12-05T04:13:05","modified_gmt":"2025-12-05T03:13:05","slug":"1888-november-12-en-hollandiabol-indult-foldkerulo-kepeslap-mely-1889-marciusaban-ert-vissza-5-orszag-belyegeivel-bermentesitve","status":"publish","type":"product","link":"https:\/\/stampcurio.com\/hu\/termek\/1888-november-12-en-hollandiabol-indult-foldkerulo-kepeslap-mely-1889-marciusaban-ert-vissza-5-orszag-belyegeivel-bermentesitve\/","title":{"rendered":"1888 november 12.-\u00e9n Hollandi\u00e1b\u00f3l indult f\u00f6ldker\u00fcl\u0151 k\u00e9peslap mely 1889 m\u00e1rcius\u00e1ban \u00e9rt vissza 5 orsz\u00e1g b\u00e9lyegeivel b\u00e9rmentes\u00edtve"},"content":{"rendered":"","protected":false},"excerpt":{"rendered":"<p>A holland k\u00f6vets\u00e9gek k\u00fcld\u00f6zgett\u00e9k a lapot k\u00f6rbe egym\u00e1snak a globuszon &#8211; remek posta\u00f6rt\u00e9neti darab!<br \/>\nB\u00e9lyegz\u0151k, amiket mi megtal\u00e1ltunk a k\u00e9peslapon lehet van m\u00e9g:<br \/>\nAmsterdam 1888.11.12.<br \/>\nChicago 1888.12.17.<br \/>\nSan Francisco 1888.12.17.<br \/>\nPenang to Singapore 1889.01&#8230;<br \/>\nSzingap\u00far &#8211; k\u00e9zi d\u00e1tumoz\u00e1ssal &#8211; 1889.01.28.<br \/>\nColombo 1889.02.18.<br \/>\npiros &#8211; Francia(?) b\u00e9lyegz\u00e9s No.10 &#8211;  1889.03.02.<br \/>\nEgyiptom 1889.03&#8230;<br \/>\nMil\u00e1n\u00f3 1889.03.14.<\/p>\n<p>Viseletes \u00e1llatpotban, hogy ki kell n\u00e9zni egy lapnak ami 4+ h\u00f3nap alatt ker\u00fclte meg a f\u00f6ldet!<\/p>\n","protected":false},"featured_media":11285,"template":"","meta":[],"product_brand":[],"product_cat":[298,385,156,383,86,384,309],"product_tag":[1044,116,127,67,176,89,1006],"class_list":{"0":"post-2891","1":"product","2":"type-product","3":"status-publish","4":"has-post-thumbnail","6":"product_cat-egyesult-allamok-1st","7":"product_cat-egyiptom-1st","8":"product_cat-hollandia-1st","9":"product_cat-malajzia-1st","10":"product_cat-olaszorszag-1st","11":"product_cat-sri-lanka-1st","12":"product_cat-szingapur-1st","13":"product_tag-1st-auction-hu","14":"product_tag-belyeg","15":"product_tag-konzulatusi-posta","16":"product_tag-marcofilatelia","17":"product_tag-philagem","18":"product_tag-postatortenet","19":"product_tag-unsold","20":"pa_catalog_id-382","22":"first","23":"outofstock","24":"sold-individually","25":"shipping-taxable","26":"product-type-simple"},"_links":{"self":[{"href":"https:\/\/stampcurio.com\/hu\/wp-json\/wp\/v2\/product\/2891","targetHints":{"allow":["GET"]}}],"collection":[{"href":"https:\/\/stampcurio.com\/hu\/wp-json\/wp\/v2\/product"}],"about":[{"href":"https:\/\/stampcurio.com\/hu\/wp-json\/wp\/v2\/types\/product"}],"wp:featuredmedia":[{"embeddable":true,"href":"https:\/\/stampcurio.com\/hu\/wp-json\/wp\/v2\/media\/11285"}],"wp:attachment":[{"href":"https:\/\/stampcurio.com\/hu\/wp-json\/wp\/v2\/media?parent=2891"}],"wp:term":[{"taxonomy":"product_brand","embeddable":true,"href":"https:\/\/stampcurio.com\/hu\/wp-json\/wp\/v2\/product_brand?post=2891"},{"taxonomy":"product_cat","embeddable":true,"href":"https:\/\/stampcurio.com\/hu\/wp-json\/wp\/v2\/product_cat?post=2891"},{"taxonomy":"product_tag","embeddable":true,"href":"https:\/\/stampcurio.com\/hu\/wp-json\/wp\/v2\/product_tag?post=2891"}],"curies":[{"name":"wp","href":"https:\/\/api.w.org\/{rel}","templated":true}]}}