{"id":2888,"date":"2023-11-15T21:32:49","date_gmt":"2023-11-15T20:32:49","guid":{"rendered":"http:\/\/stampcurio.com\/?post_type=product&#038;p=2888"},"modified":"2025-12-05T04:13:06","modified_gmt":"2025-12-05T03:13:06","slug":"1896-milleniumi-dijjegyes-torok-es-tarsa-reklam-felulnyomassal-b4-tipus-gizike-hodobay-nem-ismeri","status":"publish","type":"product","link":"https:\/\/stampcurio.com\/hu\/termek\/1896-milleniumi-dijjegyes-torok-es-tarsa-reklam-felulnyomassal-b4-tipus-gizike-hodobay-nem-ismeri\/","title":{"rendered":"1896. Milleniumi d\u00edjjegyes T\u00d6R\u00d6K \u00e9s T\u00c1RSA rekl\u00e1m fel\u00fclnyom\u00e1ssal B4 t\u00edpus \/ GIZIKE &#8211; Hodobay nem ismeri"},"content":{"rendered":"","protected":false},"excerpt":{"rendered":"<p>Kis sarokhiba.<\/p>\n","protected":false},"featured_media":11239,"template":"","meta":[],"product_brand":[],"product_cat":[73],"product_tag":[1044,74,75],"class_list":{"0":"post-2888","1":"product","2":"type-product","3":"status-publish","4":"has-post-thumbnail","6":"product_cat-magyarorszag-1st","7":"product_tag-1st-auction-hu","8":"product_tag-dijjegyes","9":"product_tag-reklam","10":"pa_catalog_id-381","12":"first","13":"outofstock","14":"sold-individually","15":"shipping-taxable","16":"product-type-simple"},"_links":{"self":[{"href":"https:\/\/stampcurio.com\/hu\/wp-json\/wp\/v2\/product\/2888","targetHints":{"allow":["GET"]}}],"collection":[{"href":"https:\/\/stampcurio.com\/hu\/wp-json\/wp\/v2\/product"}],"about":[{"href":"https:\/\/stampcurio.com\/hu\/wp-json\/wp\/v2\/types\/product"}],"wp:featuredmedia":[{"embeddable":true,"href":"https:\/\/stampcurio.com\/hu\/wp-json\/wp\/v2\/media\/11239"}],"wp:attachment":[{"href":"https:\/\/stampcurio.com\/hu\/wp-json\/wp\/v2\/media?parent=2888"}],"wp:term":[{"taxonomy":"product_brand","embeddable":true,"href":"https:\/\/stampcurio.com\/hu\/wp-json\/wp\/v2\/product_brand?post=2888"},{"taxonomy":"product_cat","embeddable":true,"href":"https:\/\/stampcurio.com\/hu\/wp-json\/wp\/v2\/product_cat?post=2888"},{"taxonomy":"product_tag","embeddable":true,"href":"https:\/\/stampcurio.com\/hu\/wp-json\/wp\/v2\/product_tag?post=2888"}],"curies":[{"name":"wp","href":"https:\/\/api.w.org\/{rel}","templated":true}]}}