{"id":2882,"date":"2023-11-15T21:17:23","date_gmt":"2023-11-15T20:17:23","guid":{"rendered":"http:\/\/stampcurio.com\/?post_type=product&#038;p=2882"},"modified":"2025-12-05T04:13:07","modified_gmt":"2025-12-05T03:13:07","slug":"1943-szallitolevel-ruten-magyar-belyegzessel-ilonca-%d1%96%d0%bb%d1%8c%d0%bd%d0%b8%d1%86%d1%8f","status":"publish","type":"product","link":"https:\/\/stampcurio.com\/hu\/termek\/1943-szallitolevel-ruten-magyar-belyegzessel-ilonca-%d1%96%d0%bb%d1%8c%d0%bd%d0%b8%d1%86%d1%8f\/","title":{"rendered":"1943 sz\u00e1ll\u00edt\u00f3lev\u00e9l rut\u00e9n-magyar b\u00e9lyegz\u00e9ssel ILONCA \/ \u0406\u043b\u044c\u043d\u0438\u0446\u044f"},"content":{"rendered":"","protected":false},"excerpt":{"rendered":"","protected":false},"featured_media":11282,"template":"","meta":[],"product_brand":[],"product_cat":[73,95],"product_tag":[1044,98,67],"class_list":{"0":"post-2882","1":"product","2":"type-product","3":"status-publish","4":"has-post-thumbnail","6":"product_cat-magyarorszag-1st","7":"product_cat-ukrajna-1st","8":"product_tag-1st-auction-hu","9":"product_tag-karpatalja","10":"product_tag-marcofilatelia","11":"pa_catalog_id-379","13":"first","14":"outofstock","15":"sold-individually","16":"shipping-taxable","17":"product-type-simple"},"_links":{"self":[{"href":"https:\/\/stampcurio.com\/hu\/wp-json\/wp\/v2\/product\/2882","targetHints":{"allow":["GET"]}}],"collection":[{"href":"https:\/\/stampcurio.com\/hu\/wp-json\/wp\/v2\/product"}],"about":[{"href":"https:\/\/stampcurio.com\/hu\/wp-json\/wp\/v2\/types\/product"}],"wp:featuredmedia":[{"embeddable":true,"href":"https:\/\/stampcurio.com\/hu\/wp-json\/wp\/v2\/media\/11282"}],"wp:attachment":[{"href":"https:\/\/stampcurio.com\/hu\/wp-json\/wp\/v2\/media?parent=2882"}],"wp:term":[{"taxonomy":"product_brand","embeddable":true,"href":"https:\/\/stampcurio.com\/hu\/wp-json\/wp\/v2\/product_brand?post=2882"},{"taxonomy":"product_cat","embeddable":true,"href":"https:\/\/stampcurio.com\/hu\/wp-json\/wp\/v2\/product_cat?post=2882"},{"taxonomy":"product_tag","embeddable":true,"href":"https:\/\/stampcurio.com\/hu\/wp-json\/wp\/v2\/product_tag?post=2882"}],"curies":[{"name":"wp","href":"https:\/\/api.w.org\/{rel}","templated":true}]}}