{"id":2879,"date":"2023-11-15T21:04:34","date_gmt":"2023-11-15T20:04:34","guid":{"rendered":"http:\/\/stampcurio.com\/?post_type=product&#038;p=2879"},"modified":"2025-12-05T04:13:07","modified_gmt":"2025-12-05T03:13:07","slug":"1960-saoura-a-francia-kiserleti-atomrobbantas-emlekbelyegzeses-boritekja","status":"publish","type":"product","link":"https:\/\/stampcurio.com\/hu\/termek\/1960-saoura-a-francia-kiserleti-atomrobbantas-emlekbelyegzeses-boritekja\/","title":{"rendered":"1960 SAOURA a francia kis\u00e9rleti atomrobbant\u00e1s eml\u00e9kb\u00e9lyegz\u00e9ses bor\u00edt\u00e9kja"},"content":{"rendered":"","protected":false},"excerpt":{"rendered":"","protected":false},"featured_media":2178,"template":"","meta":[],"product_brand":[],"product_cat":[122],"product_tag":[1044,1008,67,176,89],"class_list":{"0":"post-2879","1":"product","2":"type-product","3":"status-publish","4":"has-post-thumbnail","6":"product_cat-franciaorszag-1st","7":"product_tag-1st-auction-hu","8":"product_tag-ebay","9":"product_tag-marcofilatelia","10":"product_tag-philagem","11":"product_tag-postatortenet","12":"pa_catalog_id-377","14":"first","15":"outofstock","16":"sold-individually","17":"shipping-taxable","18":"product-type-simple"},"_links":{"self":[{"href":"https:\/\/stampcurio.com\/hu\/wp-json\/wp\/v2\/product\/2879","targetHints":{"allow":["GET"]}}],"collection":[{"href":"https:\/\/stampcurio.com\/hu\/wp-json\/wp\/v2\/product"}],"about":[{"href":"https:\/\/stampcurio.com\/hu\/wp-json\/wp\/v2\/types\/product"}],"wp:featuredmedia":[{"embeddable":true,"href":"https:\/\/stampcurio.com\/hu\/wp-json\/wp\/v2\/media\/2178"}],"wp:attachment":[{"href":"https:\/\/stampcurio.com\/hu\/wp-json\/wp\/v2\/media?parent=2879"}],"wp:term":[{"taxonomy":"product_brand","embeddable":true,"href":"https:\/\/stampcurio.com\/hu\/wp-json\/wp\/v2\/product_brand?post=2879"},{"taxonomy":"product_cat","embeddable":true,"href":"https:\/\/stampcurio.com\/hu\/wp-json\/wp\/v2\/product_cat?post=2879"},{"taxonomy":"product_tag","embeddable":true,"href":"https:\/\/stampcurio.com\/hu\/wp-json\/wp\/v2\/product_tag?post=2879"}],"curies":[{"name":"wp","href":"https:\/\/api.w.org\/{rel}","templated":true}]}}