{"id":2877,"date":"2023-11-15T20:57:02","date_gmt":"2023-11-15T19:57:02","guid":{"rendered":"http:\/\/stampcurio.com\/?post_type=product&#038;p=2877"},"modified":"2025-12-05T04:13:08","modified_gmt":"2025-12-05T03:13:08","slug":"1861-tarifahelyes-kisalaku-boritek-25kr-bermentesitessel-pestrol-franciaorszagba-kuldve","status":"publish","type":"product","link":"https:\/\/stampcurio.com\/hu\/termek\/1861-tarifahelyes-kisalaku-boritek-25kr-bermentesitessel-pestrol-franciaorszagba-kuldve\/","title":{"rendered":"1861 tarifahelyes kisalak\u00fa bor\u00edt\u00e9k 25kr b\u00e9rmentes\u00edt\u00e9ssel Pestr\u0151l Franciaorsz\u00e1gba k\u00fcldve"},"content":{"rendered":"","protected":false},"excerpt":{"rendered":"","protected":false},"featured_media":11288,"template":"","meta":[],"product_brand":[],"product_cat":[60,122,73],"product_tag":[1044,89],"class_list":{"0":"post-2877","1":"product","2":"type-product","3":"status-publish","4":"has-post-thumbnail","6":"product_cat-ausztria-1st","7":"product_cat-franciaorszag-1st","8":"product_cat-magyarorszag-1st","9":"product_tag-1st-auction-hu","10":"product_tag-postatortenet","11":"pa_catalog_id-376","13":"first","14":"outofstock","15":"sold-individually","16":"shipping-taxable","17":"product-type-simple"},"_links":{"self":[{"href":"https:\/\/stampcurio.com\/hu\/wp-json\/wp\/v2\/product\/2877","targetHints":{"allow":["GET"]}}],"collection":[{"href":"https:\/\/stampcurio.com\/hu\/wp-json\/wp\/v2\/product"}],"about":[{"href":"https:\/\/stampcurio.com\/hu\/wp-json\/wp\/v2\/types\/product"}],"wp:featuredmedia":[{"embeddable":true,"href":"https:\/\/stampcurio.com\/hu\/wp-json\/wp\/v2\/media\/11288"}],"wp:attachment":[{"href":"https:\/\/stampcurio.com\/hu\/wp-json\/wp\/v2\/media?parent=2877"}],"wp:term":[{"taxonomy":"product_brand","embeddable":true,"href":"https:\/\/stampcurio.com\/hu\/wp-json\/wp\/v2\/product_brand?post=2877"},{"taxonomy":"product_cat","embeddable":true,"href":"https:\/\/stampcurio.com\/hu\/wp-json\/wp\/v2\/product_cat?post=2877"},{"taxonomy":"product_tag","embeddable":true,"href":"https:\/\/stampcurio.com\/hu\/wp-json\/wp\/v2\/product_tag?post=2877"}],"curies":[{"name":"wp","href":"https:\/\/api.w.org\/{rel}","templated":true}]}}