{"id":2875,"date":"2023-11-15T20:49:08","date_gmt":"2023-11-15T19:49:08","guid":{"rendered":"http:\/\/stampcurio.com\/?post_type=product&#038;p=2875"},"modified":"2025-12-05T04:13:08","modified_gmt":"2025-12-05T03:13:08","slug":"1925-sport-sor-djjegyes-boritekon-davis-cup-alkalmi-belyegzessel","status":"publish","type":"product","link":"https:\/\/stampcurio.com\/hu\/termek\/1925-sport-sor-djjegyes-boritekon-davis-cup-alkalmi-belyegzessel\/","title":{"rendered":"1925 SPORT sor djjegyes bor\u00edt\u00e9kon DAVIS CUP alkalmi b\u00e9lyegz\u00e9ssel"},"content":{"rendered":"","protected":false},"excerpt":{"rendered":"","protected":false},"featured_media":11291,"template":"","meta":[],"product_brand":[],"product_cat":[73],"product_tag":[1044,74,1008,67,264],"class_list":{"0":"post-2875","1":"product","2":"type-product","3":"status-publish","4":"has-post-thumbnail","6":"product_cat-magyarorszag-1st","7":"product_tag-1st-auction-hu","8":"product_tag-dijjegyes","9":"product_tag-ebay","10":"product_tag-marcofilatelia","11":"product_tag-sport","12":"pa_catalog_id-373","14":"first","15":"outofstock","16":"sold-individually","17":"shipping-taxable","18":"product-type-simple"},"_links":{"self":[{"href":"https:\/\/stampcurio.com\/hu\/wp-json\/wp\/v2\/product\/2875","targetHints":{"allow":["GET"]}}],"collection":[{"href":"https:\/\/stampcurio.com\/hu\/wp-json\/wp\/v2\/product"}],"about":[{"href":"https:\/\/stampcurio.com\/hu\/wp-json\/wp\/v2\/types\/product"}],"wp:featuredmedia":[{"embeddable":true,"href":"https:\/\/stampcurio.com\/hu\/wp-json\/wp\/v2\/media\/11291"}],"wp:attachment":[{"href":"https:\/\/stampcurio.com\/hu\/wp-json\/wp\/v2\/media?parent=2875"}],"wp:term":[{"taxonomy":"product_brand","embeddable":true,"href":"https:\/\/stampcurio.com\/hu\/wp-json\/wp\/v2\/product_brand?post=2875"},{"taxonomy":"product_cat","embeddable":true,"href":"https:\/\/stampcurio.com\/hu\/wp-json\/wp\/v2\/product_cat?post=2875"},{"taxonomy":"product_tag","embeddable":true,"href":"https:\/\/stampcurio.com\/hu\/wp-json\/wp\/v2\/product_tag?post=2875"}],"curies":[{"name":"wp","href":"https:\/\/api.w.org\/{rel}","templated":true}]}}