{"id":2872,"date":"2023-11-15T20:38:57","date_gmt":"2023-11-15T19:38:57","guid":{"rendered":"http:\/\/stampcurio.com\/?post_type=product&#038;p=2872"},"modified":"2025-12-05T04:13:09","modified_gmt":"2025-12-05T03:13:09","slug":"1900-magyarorszag-24-szamu-hasznalatlan-hirdetmenyes-levelezolap-hodobay-28ra-24-2","status":"publish","type":"product","link":"https:\/\/stampcurio.com\/hu\/termek\/1900-magyarorszag-24-szamu-hasznalatlan-hirdetmenyes-levelezolap-hodobay-28ra-24-2\/","title":{"rendered":"1900 Magyarorsz\u00e1g &#8211; 24. sz\u00e1m\u00fa haszn\u00e1latlan h\u00edrdetm\u00e9nyes levelez\u0151lap &#8211; Hodobay 28Ra\/24"},"content":{"rendered":"","protected":false},"excerpt":{"rendered":"","protected":false},"featured_media":2284,"template":"","meta":[],"product_brand":[],"product_cat":[73],"product_tag":[1044,74,1008,176,75],"class_list":{"0":"post-2872","1":"product","2":"type-product","3":"status-publish","4":"has-post-thumbnail","6":"product_cat-magyarorszag-1st","7":"product_tag-1st-auction-hu","8":"product_tag-dijjegyes","9":"product_tag-ebay","10":"product_tag-philagem","11":"product_tag-reklam","12":"pa_catalog_id-372","14":"first","15":"outofstock","16":"sold-individually","17":"shipping-taxable","18":"product-type-simple"},"_links":{"self":[{"href":"https:\/\/stampcurio.com\/hu\/wp-json\/wp\/v2\/product\/2872","targetHints":{"allow":["GET"]}}],"collection":[{"href":"https:\/\/stampcurio.com\/hu\/wp-json\/wp\/v2\/product"}],"about":[{"href":"https:\/\/stampcurio.com\/hu\/wp-json\/wp\/v2\/types\/product"}],"wp:featuredmedia":[{"embeddable":true,"href":"https:\/\/stampcurio.com\/hu\/wp-json\/wp\/v2\/media\/2284"}],"wp:attachment":[{"href":"https:\/\/stampcurio.com\/hu\/wp-json\/wp\/v2\/media?parent=2872"}],"wp:term":[{"taxonomy":"product_brand","embeddable":true,"href":"https:\/\/stampcurio.com\/hu\/wp-json\/wp\/v2\/product_brand?post=2872"},{"taxonomy":"product_cat","embeddable":true,"href":"https:\/\/stampcurio.com\/hu\/wp-json\/wp\/v2\/product_cat?post=2872"},{"taxonomy":"product_tag","embeddable":true,"href":"https:\/\/stampcurio.com\/hu\/wp-json\/wp\/v2\/product_tag?post=2872"}],"curies":[{"name":"wp","href":"https:\/\/api.w.org\/{rel}","templated":true}]}}