{"id":2868,"date":"2023-11-15T20:31:10","date_gmt":"2023-11-15T19:31:10","guid":{"rendered":"http:\/\/stampcurio.com\/?post_type=product&#038;p=2868"},"modified":"2025-12-05T04:13:09","modified_gmt":"2025-12-05T03:13:09","slug":"1907-magyarorszag-4-szamu-hasznalatlan-hirdetmenyes-levelezolap-hodobay-40a","status":"publish","type":"product","link":"https:\/\/stampcurio.com\/hu\/termek\/1907-magyarorszag-4-szamu-hasznalatlan-hirdetmenyes-levelezolap-hodobay-40a\/","title":{"rendered":"1907 Magyarorsz\u00e1g &#8211; 4. sz\u00e1m\u00fa haszn\u00e1latlan h\u00edrdetm\u00e9nyes levelez\u0151lap &#8211; Hodobay 40a"},"content":{"rendered":"","protected":false},"excerpt":{"rendered":"","protected":false},"featured_media":11194,"template":"","meta":[],"product_brand":[],"product_cat":[73],"product_tag":[1044,74,1008,176,75],"class_list":{"0":"post-2868","1":"product","2":"type-product","3":"status-publish","4":"has-post-thumbnail","6":"product_cat-magyarorszag-1st","7":"product_tag-1st-auction-hu","8":"product_tag-dijjegyes","9":"product_tag-ebay","10":"product_tag-philagem","11":"product_tag-reklam","12":"pa_catalog_id-371","14":"first","15":"outofstock","16":"sold-individually","17":"shipping-taxable","18":"product-type-simple"},"_links":{"self":[{"href":"https:\/\/stampcurio.com\/hu\/wp-json\/wp\/v2\/product\/2868","targetHints":{"allow":["GET"]}}],"collection":[{"href":"https:\/\/stampcurio.com\/hu\/wp-json\/wp\/v2\/product"}],"about":[{"href":"https:\/\/stampcurio.com\/hu\/wp-json\/wp\/v2\/types\/product"}],"wp:featuredmedia":[{"embeddable":true,"href":"https:\/\/stampcurio.com\/hu\/wp-json\/wp\/v2\/media\/11194"}],"wp:attachment":[{"href":"https:\/\/stampcurio.com\/hu\/wp-json\/wp\/v2\/media?parent=2868"}],"wp:term":[{"taxonomy":"product_brand","embeddable":true,"href":"https:\/\/stampcurio.com\/hu\/wp-json\/wp\/v2\/product_brand?post=2868"},{"taxonomy":"product_cat","embeddable":true,"href":"https:\/\/stampcurio.com\/hu\/wp-json\/wp\/v2\/product_cat?post=2868"},{"taxonomy":"product_tag","embeddable":true,"href":"https:\/\/stampcurio.com\/hu\/wp-json\/wp\/v2\/product_tag?post=2868"}],"curies":[{"name":"wp","href":"https:\/\/api.w.org\/{rel}","templated":true}]}}