{"id":2866,"date":"2023-11-15T20:25:52","date_gmt":"2023-11-15T19:25:52","guid":{"rendered":"http:\/\/stampcurio.com\/?post_type=product&#038;p=2866"},"modified":"2025-12-05T04:13:09","modified_gmt":"2025-12-05T03:13:09","slug":"1879-franciaorszagba-feladott-londonba-kuldott-boritek-melyet-angliaban-ujra-bermentesitettek-es-tovabbkuldtek-nemetorszagba","status":"publish","type":"product","link":"https:\/\/stampcurio.com\/hu\/termek\/1879-franciaorszagba-feladott-londonba-kuldott-boritek-melyet-angliaban-ujra-bermentesitettek-es-tovabbkuldtek-nemetorszagba\/","title":{"rendered":"1879 Franciaorsz\u00e1gba feladott Londonba k\u00fcld\u00f6tt bor\u00edt\u00e9k melyet Angli\u00e1ban \u00fajra b\u00e9rmentes\u00edtettek \u00e9s tov\u00e1bbk\u00fcldtek N\u00e9metorsz\u00e1gba"},"content":{"rendered":"","protected":false},"excerpt":{"rendered":"","protected":false},"featured_media":11201,"template":"","meta":[],"product_brand":[],"product_cat":[180,122,113],"product_tag":[1044,89,172],"class_list":{"0":"post-2866","1":"product","2":"type-product","3":"status-publish","4":"has-post-thumbnail","6":"product_cat-egyesult-kiralysag-1st","7":"product_cat-franciaorszag-1st","8":"product_cat-nemetorszag-1st","9":"product_tag-1st-auction-hu","10":"product_tag-postatortenet","11":"product_tag-vegyes-bermentesites","12":"pa_catalog_id-370","14":"first","15":"outofstock","16":"sold-individually","17":"shipping-taxable","18":"product-type-simple"},"_links":{"self":[{"href":"https:\/\/stampcurio.com\/hu\/wp-json\/wp\/v2\/product\/2866","targetHints":{"allow":["GET"]}}],"collection":[{"href":"https:\/\/stampcurio.com\/hu\/wp-json\/wp\/v2\/product"}],"about":[{"href":"https:\/\/stampcurio.com\/hu\/wp-json\/wp\/v2\/types\/product"}],"wp:featuredmedia":[{"embeddable":true,"href":"https:\/\/stampcurio.com\/hu\/wp-json\/wp\/v2\/media\/11201"}],"wp:attachment":[{"href":"https:\/\/stampcurio.com\/hu\/wp-json\/wp\/v2\/media?parent=2866"}],"wp:term":[{"taxonomy":"product_brand","embeddable":true,"href":"https:\/\/stampcurio.com\/hu\/wp-json\/wp\/v2\/product_brand?post=2866"},{"taxonomy":"product_cat","embeddable":true,"href":"https:\/\/stampcurio.com\/hu\/wp-json\/wp\/v2\/product_cat?post=2866"},{"taxonomy":"product_tag","embeddable":true,"href":"https:\/\/stampcurio.com\/hu\/wp-json\/wp\/v2\/product_tag?post=2866"}],"curies":[{"name":"wp","href":"https:\/\/api.w.org\/{rel}","templated":true}]}}