{"id":2863,"date":"2023-11-15T20:17:48","date_gmt":"2023-11-15T19:17:48","guid":{"rendered":"http:\/\/stampcurio.com\/?post_type=product&#038;p=2863"},"modified":"2025-12-05T04:13:10","modified_gmt":"2025-12-05T03:13:10","slug":"1920-korul-litvania-5-ceges-kuldemeny-egy-ajanlott-mindegyik-nemetorszagba-kuldve","status":"publish","type":"product","link":"https:\/\/stampcurio.com\/hu\/termek\/1920-korul-litvania-5-ceges-kuldemeny-egy-ajanlott-mindegyik-nemetorszagba-kuldve\/","title":{"rendered":"1920 k\u00f6r\u00fcl Litv\u00e1nia &#8211; 5 c\u00e9ges k\u00fcldem\u00e9ny egy aj\u00e1nlott, mindegyik N\u00e9metorsz\u00e1gba k\u00fcldve"},"content":{"rendered":"","protected":false},"excerpt":{"rendered":"","protected":false},"featured_media":11206,"template":"","meta":[],"product_brand":[],"product_cat":[368],"product_tag":[1044,116,89],"class_list":{"0":"post-2863","1":"product","2":"type-product","3":"status-publish","4":"has-post-thumbnail","6":"product_cat-litvania-1st","7":"product_tag-1st-auction-hu","8":"product_tag-belyeg","9":"product_tag-postatortenet","10":"pa_catalog_id-367","12":"first","13":"outofstock","14":"sold-individually","15":"shipping-taxable","16":"product-type-simple"},"_links":{"self":[{"href":"https:\/\/stampcurio.com\/hu\/wp-json\/wp\/v2\/product\/2863","targetHints":{"allow":["GET"]}}],"collection":[{"href":"https:\/\/stampcurio.com\/hu\/wp-json\/wp\/v2\/product"}],"about":[{"href":"https:\/\/stampcurio.com\/hu\/wp-json\/wp\/v2\/types\/product"}],"wp:featuredmedia":[{"embeddable":true,"href":"https:\/\/stampcurio.com\/hu\/wp-json\/wp\/v2\/media\/11206"}],"wp:attachment":[{"href":"https:\/\/stampcurio.com\/hu\/wp-json\/wp\/v2\/media?parent=2863"}],"wp:term":[{"taxonomy":"product_brand","embeddable":true,"href":"https:\/\/stampcurio.com\/hu\/wp-json\/wp\/v2\/product_brand?post=2863"},{"taxonomy":"product_cat","embeddable":true,"href":"https:\/\/stampcurio.com\/hu\/wp-json\/wp\/v2\/product_cat?post=2863"},{"taxonomy":"product_tag","embeddable":true,"href":"https:\/\/stampcurio.com\/hu\/wp-json\/wp\/v2\/product_tag?post=2863"}],"curies":[{"name":"wp","href":"https:\/\/api.w.org\/{rel}","templated":true}]}}