{"id":2859,"date":"2023-11-15T20:09:03","date_gmt":"2023-11-15T19:09:03","guid":{"rendered":"http:\/\/stampcurio.com\/?post_type=product&#038;p=2859"},"modified":"2025-12-05T04:13:10","modified_gmt":"2025-12-05T03:13:10","slug":"1896-bulgaria-negy-kepes-levelezolapbol-allo-sorozat-egy-az-osztrak-levante-ba-egy-franciaorszagba-egy-magyarorszagra-a-negyedik-hasznalatlan","status":"publish","type":"product","link":"https:\/\/stampcurio.com\/hu\/termek\/1896-bulgaria-negy-kepes-levelezolapbol-allo-sorozat-egy-az-osztrak-levante-ba-egy-franciaorszagba-egy-magyarorszagra-a-negyedik-hasznalatlan\/","title":{"rendered":"1896 Bulg\u00e1ria &#8211; n\u00e9gy k\u00e9pes levelez\u0151lapb\u00f3l \u00e1ll\u00f3 sorozat egy az osztr\u00e1k Levante-ba, egy Franciaorsz\u00e1gba, egy Magyarorsz\u00e1gra, a negyedik haszn\u00e1latlan"},"content":{"rendered":"","protected":false},"excerpt":{"rendered":"","protected":false},"featured_media":2731,"template":"","meta":[],"product_brand":[],"product_cat":[60,807,122,185,73,365],"product_tag":[1044,74,187,89],"class_list":{"0":"post-2859","1":"product","2":"type-product","3":"status-publish","4":"has-post-thumbnail","6":"product_cat-ausztria-1st","7":"product_cat-bulgaria-1st","8":"product_cat-franciaorszag-1st","9":"product_cat-izrael-1st","10":"product_cat-magyarorszag-1st","11":"product_cat-torokorszag-1st","12":"product_tag-1st-auction-hu","13":"product_tag-dijjegyes","14":"product_tag-levante","15":"product_tag-postatortenet","16":"pa_catalog_id-364","18":"first","19":"outofstock","20":"sold-individually","21":"shipping-taxable","22":"product-type-simple"},"_links":{"self":[{"href":"https:\/\/stampcurio.com\/hu\/wp-json\/wp\/v2\/product\/2859","targetHints":{"allow":["GET"]}}],"collection":[{"href":"https:\/\/stampcurio.com\/hu\/wp-json\/wp\/v2\/product"}],"about":[{"href":"https:\/\/stampcurio.com\/hu\/wp-json\/wp\/v2\/types\/product"}],"wp:featuredmedia":[{"embeddable":true,"href":"https:\/\/stampcurio.com\/hu\/wp-json\/wp\/v2\/media\/2731"}],"wp:attachment":[{"href":"https:\/\/stampcurio.com\/hu\/wp-json\/wp\/v2\/media?parent=2859"}],"wp:term":[{"taxonomy":"product_brand","embeddable":true,"href":"https:\/\/stampcurio.com\/hu\/wp-json\/wp\/v2\/product_brand?post=2859"},{"taxonomy":"product_cat","embeddable":true,"href":"https:\/\/stampcurio.com\/hu\/wp-json\/wp\/v2\/product_cat?post=2859"},{"taxonomy":"product_tag","embeddable":true,"href":"https:\/\/stampcurio.com\/hu\/wp-json\/wp\/v2\/product_tag?post=2859"}],"curies":[{"name":"wp","href":"https:\/\/api.w.org\/{rel}","templated":true}]}}