{"id":2857,"date":"2023-11-15T19:57:41","date_gmt":"2023-11-15T18:57:41","guid":{"rendered":"http:\/\/stampcurio.com\/?post_type=product&#038;p=2857"},"modified":"2025-12-05T04:13:10","modified_gmt":"2025-12-05T03:13:10","slug":"1911-ausztria-haromnyelvu-okirati-illetek-mentes-szallitolevel-magyarorszagra-kuldott-7-kg-os-csomagrol-ritka-postai-nyomtatvany","status":"publish","type":"product","link":"https:\/\/stampcurio.com\/hu\/termek\/1911-ausztria-haromnyelvu-okirati-illetek-mentes-szallitolevel-magyarorszagra-kuldott-7-kg-os-csomagrol-ritka-postai-nyomtatvany\/","title":{"rendered":"1911 Ausztria &#8211; h\u00e1romnyelv\u0171 okirati illet\u00e9k mentes sz\u00e1ll\u00edt\u00f3lev\u00e9l Magyarorsz\u00e1gra k\u00fcld\u00f6tt 7 kg-os csomagr\u00f3l &#8211; ritka postai nyomtatv\u00e1ny"},"content":{"rendered":"","protected":false},"excerpt":{"rendered":"<p>IV. t\u00e1vol\u00e1sgi z\u00f3na 7 kg-s csomag:<br \/>\n60h+2*36h=1,32K<\/p>\n","protected":false},"featured_media":11208,"template":"","meta":[],"product_brand":[],"product_cat":[60,73],"product_tag":[1044,116,74,282,157],"class_list":{"0":"post-2857","1":"product","2":"type-product","3":"status-publish","4":"has-post-thumbnail","6":"product_cat-ausztria-1st","7":"product_cat-magyarorszag-1st","8":"product_tag-1st-auction-hu","9":"product_tag-belyeg","10":"product_tag-dijjegyes","11":"product_tag-okmanybelyeg","12":"product_tag-szallitolevel","13":"pa_catalog_id-363","15":"first","16":"outofstock","17":"sold-individually","18":"shipping-taxable","19":"product-type-simple"},"_links":{"self":[{"href":"https:\/\/stampcurio.com\/hu\/wp-json\/wp\/v2\/product\/2857","targetHints":{"allow":["GET"]}}],"collection":[{"href":"https:\/\/stampcurio.com\/hu\/wp-json\/wp\/v2\/product"}],"about":[{"href":"https:\/\/stampcurio.com\/hu\/wp-json\/wp\/v2\/types\/product"}],"wp:featuredmedia":[{"embeddable":true,"href":"https:\/\/stampcurio.com\/hu\/wp-json\/wp\/v2\/media\/11208"}],"wp:attachment":[{"href":"https:\/\/stampcurio.com\/hu\/wp-json\/wp\/v2\/media?parent=2857"}],"wp:term":[{"taxonomy":"product_brand","embeddable":true,"href":"https:\/\/stampcurio.com\/hu\/wp-json\/wp\/v2\/product_brand?post=2857"},{"taxonomy":"product_cat","embeddable":true,"href":"https:\/\/stampcurio.com\/hu\/wp-json\/wp\/v2\/product_cat?post=2857"},{"taxonomy":"product_tag","embeddable":true,"href":"https:\/\/stampcurio.com\/hu\/wp-json\/wp\/v2\/product_tag?post=2857"}],"curies":[{"name":"wp","href":"https:\/\/api.w.org\/{rel}","templated":true}]}}