{"id":2855,"date":"2023-11-15T19:43:26","date_gmt":"2023-11-15T18:43:26","guid":{"rendered":"http:\/\/stampcurio.com\/?post_type=product&#038;p=2855"},"modified":"2025-12-05T04:13:11","modified_gmt":"2025-12-05T03:13:11","slug":"1896-ausztria-magyarorszagra-kuldott-boritek-5kr-tarifaval-de-tovabbitottak-franciaorszagba-igy-a-kulonbozeti-dijat-francia-belyegekkel-szedtek-be","status":"publish","type":"product","link":"https:\/\/stampcurio.com\/hu\/termek\/1896-ausztria-magyarorszagra-kuldott-boritek-5kr-tarifaval-de-tovabbitottak-franciaorszagba-igy-a-kulonbozeti-dijat-francia-belyegekkel-szedtek-be\/","title":{"rendered":"1896 Ausztria &#8211; Magyarorsz\u00e1gra k\u00fcld\u00f6tt bor\u00edt\u00e9k 5kr tarif\u00e1val, de tov\u00e1bb\u00edtott\u00e1k Franciaorsz\u00e1gba, \u00edgy a k\u00fcl\u00f6nb\u00f6zeti d\u00edjat francia b\u00e9lyegekkel szedt\u00e9k be"},"content":{"rendered":"","protected":false},"excerpt":{"rendered":"<p>Tov\u00e1bbk\u00fcld\u00e9s eset\u00e9n b\u00fcntet\u0151 port\u00f3t nem szedtek, csak a k\u00e9t destin\u00e1ci\u00f3 d\u00edjk\u00fcl\u00f6nb\u00f6zet\u00e9t szedt\u00e9k be. A levelet Franciaorsz\u00e1gon bel\u00fcl is tov\u00e1bb ir\u00e1nytott\u00e1k \u00edgy k\u00e9tszeri port\u00f3z\u00e1s tal\u00e1lhat\u00f3 a bor\u00edt\u00e9kon.<\/p>\n","protected":false},"featured_media":11212,"template":"","meta":[],"product_brand":[],"product_cat":[60,122,73],"product_tag":[1044,108,89],"class_list":{"0":"post-2855","1":"product","2":"type-product","3":"status-publish","4":"has-post-thumbnail","6":"product_cat-ausztria-1st","7":"product_cat-franciaorszag-1st","8":"product_cat-magyarorszag-1st","9":"product_tag-1st-auction-hu","10":"product_tag-porto","11":"product_tag-postatortenet","12":"pa_catalog_id-362","14":"first","15":"outofstock","16":"sold-individually","17":"shipping-taxable","18":"product-type-simple"},"_links":{"self":[{"href":"https:\/\/stampcurio.com\/hu\/wp-json\/wp\/v2\/product\/2855","targetHints":{"allow":["GET"]}}],"collection":[{"href":"https:\/\/stampcurio.com\/hu\/wp-json\/wp\/v2\/product"}],"about":[{"href":"https:\/\/stampcurio.com\/hu\/wp-json\/wp\/v2\/types\/product"}],"wp:featuredmedia":[{"embeddable":true,"href":"https:\/\/stampcurio.com\/hu\/wp-json\/wp\/v2\/media\/11212"}],"wp:attachment":[{"href":"https:\/\/stampcurio.com\/hu\/wp-json\/wp\/v2\/media?parent=2855"}],"wp:term":[{"taxonomy":"product_brand","embeddable":true,"href":"https:\/\/stampcurio.com\/hu\/wp-json\/wp\/v2\/product_brand?post=2855"},{"taxonomy":"product_cat","embeddable":true,"href":"https:\/\/stampcurio.com\/hu\/wp-json\/wp\/v2\/product_cat?post=2855"},{"taxonomy":"product_tag","embeddable":true,"href":"https:\/\/stampcurio.com\/hu\/wp-json\/wp\/v2\/product_tag?post=2855"}],"curies":[{"name":"wp","href":"https:\/\/api.w.org\/{rel}","templated":true}]}}