{"id":2852,"date":"2023-11-15T19:29:47","date_gmt":"2023-11-15T18:29:47","guid":{"rendered":"http:\/\/stampcurio.com\/?post_type=product&#038;p=2852"},"modified":"2025-12-05T04:13:11","modified_gmt":"2025-12-05T03:13:11","slug":"1922-nemetorszag-szallitolevel-svajcba-kuldve-az-inflacio-idoszakabol","status":"publish","type":"product","link":"https:\/\/stampcurio.com\/hu\/termek\/1922-nemetorszag-szallitolevel-svajcba-kuldve-az-inflacio-idoszakabol\/","title":{"rendered":"1922 N\u00e9metorsz\u00e1g &#8211; sz\u00e1ll\u00edt\u00f3lev\u00e9l sv\u00e1jcba k\u00fcldve az infl\u00e1ci\u00f3 id\u0151szak\u00e1b\u00f3l"},"content":{"rendered":"","protected":false},"excerpt":{"rendered":"","protected":false},"featured_media":2689,"template":"","meta":[],"product_brand":[],"product_cat":[113,107],"product_tag":[1044,116,101,89,157],"class_list":{"0":"post-2852","1":"product","2":"type-product","3":"status-publish","4":"has-post-thumbnail","6":"product_cat-nemetorszag-1st","7":"product_cat-svajc-1st","8":"product_tag-1st-auction-hu","9":"product_tag-belyeg","10":"product_tag-inflacio","11":"product_tag-postatortenet","12":"product_tag-szallitolevel","13":"pa_catalog_id-361","15":"first","16":"outofstock","17":"sold-individually","18":"shipping-taxable","19":"product-type-simple"},"_links":{"self":[{"href":"https:\/\/stampcurio.com\/hu\/wp-json\/wp\/v2\/product\/2852","targetHints":{"allow":["GET"]}}],"collection":[{"href":"https:\/\/stampcurio.com\/hu\/wp-json\/wp\/v2\/product"}],"about":[{"href":"https:\/\/stampcurio.com\/hu\/wp-json\/wp\/v2\/types\/product"}],"wp:featuredmedia":[{"embeddable":true,"href":"https:\/\/stampcurio.com\/hu\/wp-json\/wp\/v2\/media\/2689"}],"wp:attachment":[{"href":"https:\/\/stampcurio.com\/hu\/wp-json\/wp\/v2\/media?parent=2852"}],"wp:term":[{"taxonomy":"product_brand","embeddable":true,"href":"https:\/\/stampcurio.com\/hu\/wp-json\/wp\/v2\/product_brand?post=2852"},{"taxonomy":"product_cat","embeddable":true,"href":"https:\/\/stampcurio.com\/hu\/wp-json\/wp\/v2\/product_cat?post=2852"},{"taxonomy":"product_tag","embeddable":true,"href":"https:\/\/stampcurio.com\/hu\/wp-json\/wp\/v2\/product_tag?post=2852"}],"curies":[{"name":"wp","href":"https:\/\/api.w.org\/{rel}","templated":true}]}}