{"id":2850,"date":"2023-11-15T19:22:25","date_gmt":"2023-11-15T18:22:25","guid":{"rendered":"http:\/\/stampcurio.com\/?post_type=product&#038;p=2850"},"modified":"2025-12-05T04:13:12","modified_gmt":"2025-12-05T03:13:12","slug":"1919-a-szegedet-megszallt-francia-csapatok-tabori-postan-feladott-kepeslapja-franciaorszagba-kuldve","status":"publish","type":"product","link":"https:\/\/stampcurio.com\/hu\/termek\/1919-a-szegedet-megszallt-francia-csapatok-tabori-postan-feladott-kepeslapja-franciaorszagba-kuldve\/","title":{"rendered":"1919 A Szegedet megsz\u00e1llt Francia csapatok t\u00e1bori post\u00e1n feladott k\u00e9peslapja Franciaorsz\u00e1gba k\u00fcldve"},"content":{"rendered":"","protected":false},"excerpt":{"rendered":"","protected":false},"featured_media":2680,"template":"","meta":[],"product_brand":[],"product_cat":[122,73],"product_tag":[1044,97,89,208],"class_list":{"0":"post-2850","1":"product","2":"type-product","3":"status-publish","4":"has-post-thumbnail","6":"product_cat-franciaorszag-1st","7":"product_cat-magyarorszag-1st","8":"product_tag-1st-auction-hu","9":"product_tag-kepeslap","10":"product_tag-postatortenet","11":"product_tag-tabori-posta","12":"pa_catalog_id-360","14":"first","15":"outofstock","16":"sold-individually","17":"shipping-taxable","18":"product-type-simple"},"_links":{"self":[{"href":"https:\/\/stampcurio.com\/hu\/wp-json\/wp\/v2\/product\/2850","targetHints":{"allow":["GET"]}}],"collection":[{"href":"https:\/\/stampcurio.com\/hu\/wp-json\/wp\/v2\/product"}],"about":[{"href":"https:\/\/stampcurio.com\/hu\/wp-json\/wp\/v2\/types\/product"}],"wp:featuredmedia":[{"embeddable":true,"href":"https:\/\/stampcurio.com\/hu\/wp-json\/wp\/v2\/media\/2680"}],"wp:attachment":[{"href":"https:\/\/stampcurio.com\/hu\/wp-json\/wp\/v2\/media?parent=2850"}],"wp:term":[{"taxonomy":"product_brand","embeddable":true,"href":"https:\/\/stampcurio.com\/hu\/wp-json\/wp\/v2\/product_brand?post=2850"},{"taxonomy":"product_cat","embeddable":true,"href":"https:\/\/stampcurio.com\/hu\/wp-json\/wp\/v2\/product_cat?post=2850"},{"taxonomy":"product_tag","embeddable":true,"href":"https:\/\/stampcurio.com\/hu\/wp-json\/wp\/v2\/product_tag?post=2850"}],"curies":[{"name":"wp","href":"https:\/\/api.w.org\/{rel}","templated":true}]}}