{"id":2848,"date":"2023-11-15T19:12:43","date_gmt":"2023-11-15T18:12:43","guid":{"rendered":"http:\/\/stampcurio.com\/?post_type=product&#038;p=2848"},"modified":"2025-12-05T04:13:12","modified_gmt":"2025-12-05T03:13:12","slug":"1941-karpatalja-cserkesz-szovetseg-mendekhaz-belyegzoje-tarackoz-%d1%82%d0%b5%d1%80%d0%b5%d1%81%d0%b2%d0%b0-budapest-ruten-magyar-ketnyelvu-mozgoposta-belyegzo","status":"publish","type":"product","link":"https:\/\/stampcurio.com\/hu\/termek\/1941-karpatalja-cserkesz-szovetseg-mendekhaz-belyegzoje-tarackoz-%d1%82%d0%b5%d1%80%d0%b5%d1%81%d0%b2%d0%b0-budapest-ruten-magyar-ketnyelvu-mozgoposta-belyegzo\/","title":{"rendered":"1941 K\u00e1rp\u00e1talja &#8211; Cserk\u00e9sz sz\u00f6vets\u00e9g mend\u00e9kh\u00e1z b\u00e9lyegz\u0151je + TARACK\u00d6Z \u0422\u0415\u0420\u0415\u0421\u0412\u0410 \/ BUDAPEST rut\u00e9n magyar k\u00e9tnyelv\u0171 mozg\u00f3posta b\u00e9lyegz\u0151"},"content":{"rendered":"","protected":false},"excerpt":{"rendered":"","protected":false},"featured_media":11215,"template":"","meta":[],"product_brand":[],"product_cat":[73,95],"product_tag":[1044,175,98,97,1267,89],"class_list":{"0":"post-2848","1":"product","2":"type-product","3":"status-publish","4":"has-post-thumbnail","6":"product_cat-magyarorszag-1st","7":"product_cat-ukrajna-1st","8":"product_tag-1st-auction-hu","9":"product_tag-hotelposta","10":"product_tag-karpatalja","11":"product_tag-kepeslap","12":"product_tag-mozgoposta","13":"product_tag-postatortenet","14":"pa_catalog_id-357","16":"first","17":"outofstock","18":"sold-individually","19":"shipping-taxable","20":"product-type-simple"},"_links":{"self":[{"href":"https:\/\/stampcurio.com\/hu\/wp-json\/wp\/v2\/product\/2848","targetHints":{"allow":["GET"]}}],"collection":[{"href":"https:\/\/stampcurio.com\/hu\/wp-json\/wp\/v2\/product"}],"about":[{"href":"https:\/\/stampcurio.com\/hu\/wp-json\/wp\/v2\/types\/product"}],"wp:featuredmedia":[{"embeddable":true,"href":"https:\/\/stampcurio.com\/hu\/wp-json\/wp\/v2\/media\/11215"}],"wp:attachment":[{"href":"https:\/\/stampcurio.com\/hu\/wp-json\/wp\/v2\/media?parent=2848"}],"wp:term":[{"taxonomy":"product_brand","embeddable":true,"href":"https:\/\/stampcurio.com\/hu\/wp-json\/wp\/v2\/product_brand?post=2848"},{"taxonomy":"product_cat","embeddable":true,"href":"https:\/\/stampcurio.com\/hu\/wp-json\/wp\/v2\/product_cat?post=2848"},{"taxonomy":"product_tag","embeddable":true,"href":"https:\/\/stampcurio.com\/hu\/wp-json\/wp\/v2\/product_tag?post=2848"}],"curies":[{"name":"wp","href":"https:\/\/api.w.org\/{rel}","templated":true}]}}