{"id":2846,"date":"2023-11-15T19:00:43","date_gmt":"2023-11-15T18:00:43","guid":{"rendered":"http:\/\/stampcurio.com\/?post_type=product&#038;p=2846"},"modified":"2025-12-05T04:13:12","modified_gmt":"2025-12-05T03:13:12","slug":"1942-ajanlott-helyi-level-nemzeti-es-szabadkikoto-budapest-88-ritka-ragjegy-es-postabelyegzovel","status":"publish","type":"product","link":"https:\/\/stampcurio.com\/hu\/termek\/1942-ajanlott-helyi-level-nemzeti-es-szabadkikoto-budapest-88-ritka-ragjegy-es-postabelyegzovel\/","title":{"rendered":"1942 aj\u00e1nlott helyi lev\u00e9l Nemzeti \u00e9s szabadkik\u00f6t\u0151 \/ Budapest 88 ritka ragjegy \u00e9s postab\u00e9lyegz\u0151vel"},"content":{"rendered":"","protected":false},"excerpt":{"rendered":"","protected":false},"featured_media":11218,"template":"","meta":[],"product_brand":[],"product_cat":[73],"product_tag":[1044,67,89,405],"class_list":{"0":"post-2846","1":"product","2":"type-product","3":"status-publish","4":"has-post-thumbnail","6":"product_cat-magyarorszag-1st","7":"product_tag-1st-auction-hu","8":"product_tag-marcofilatelia","9":"product_tag-postatortenet","10":"product_tag-ragjegy","11":"pa_catalog_id-356","13":"first","14":"outofstock","15":"sold-individually","16":"shipping-taxable","17":"product-type-simple"},"_links":{"self":[{"href":"https:\/\/stampcurio.com\/hu\/wp-json\/wp\/v2\/product\/2846","targetHints":{"allow":["GET"]}}],"collection":[{"href":"https:\/\/stampcurio.com\/hu\/wp-json\/wp\/v2\/product"}],"about":[{"href":"https:\/\/stampcurio.com\/hu\/wp-json\/wp\/v2\/types\/product"}],"wp:featuredmedia":[{"embeddable":true,"href":"https:\/\/stampcurio.com\/hu\/wp-json\/wp\/v2\/media\/11218"}],"wp:attachment":[{"href":"https:\/\/stampcurio.com\/hu\/wp-json\/wp\/v2\/media?parent=2846"}],"wp:term":[{"taxonomy":"product_brand","embeddable":true,"href":"https:\/\/stampcurio.com\/hu\/wp-json\/wp\/v2\/product_brand?post=2846"},{"taxonomy":"product_cat","embeddable":true,"href":"https:\/\/stampcurio.com\/hu\/wp-json\/wp\/v2\/product_cat?post=2846"},{"taxonomy":"product_tag","embeddable":true,"href":"https:\/\/stampcurio.com\/hu\/wp-json\/wp\/v2\/product_tag?post=2846"}],"curies":[{"name":"wp","href":"https:\/\/api.w.org\/{rel}","templated":true}]}}