{"id":2843,"date":"2023-11-15T18:50:49","date_gmt":"2023-11-15T17:50:49","guid":{"rendered":"http:\/\/stampcurio.com\/?post_type=product&#038;p=2843"},"modified":"2025-12-05T04:13:13","modified_gmt":"2025-12-05T03:13:13","slug":"1933-zeppelin-legiposta-kepeslap-3-del-amerika-repules-ritka-azonos-erteku-repulo-2p-nagy-madonna-2p-vegyes-bermentesites-matyasfoldi-inditassal","status":"publish","type":"product","link":"https:\/\/stampcurio.com\/hu\/termek\/1933-zeppelin-legiposta-kepeslap-3-del-amerika-repules-ritka-azonos-erteku-repulo-2p-nagy-madonna-2p-vegyes-bermentesites-matyasfoldi-inditassal\/","title":{"rendered":"1933 Zeppelin l\u00e9giposta k\u00e9peslap 3. D\u00e9l-Amerika rep\u00fcl\u00e9s ritka azonos \u00e9rt\u00e9k\u0171 Rep\u00fcl\u0151 2P + Nagy Madonna 2P vegyes b\u00e9rmentes\u00edt\u00e9s M\u00e1ty\u00e1sf\u00f6ldi ind\u00edt\u00e1ssal"},"content":{"rendered":"","protected":false},"excerpt":{"rendered":"<p>KESZY-HARMATH 5000 pont<\/p>\n","protected":false},"featured_media":2656,"template":"","meta":[],"product_brand":[],"product_cat":[335,73,113],"product_tag":[1044,116,1008,97,115,67,89,172,150],"class_list":{"0":"post-2843","1":"product","2":"type-product","3":"status-publish","4":"has-post-thumbnail","6":"product_cat-brazilia-1st","7":"product_cat-magyarorszag-1st","8":"product_cat-nemetorszag-1st","9":"product_tag-1st-auction-hu","10":"product_tag-belyeg","11":"product_tag-ebay","12":"product_tag-kepeslap","13":"product_tag-legiposta","14":"product_tag-marcofilatelia","15":"product_tag-postatortenet","16":"product_tag-vegyes-bermentesites","17":"product_tag-zeppelin","18":"pa_catalog_id-355","20":"first","21":"outofstock","22":"sold-individually","23":"shipping-taxable","24":"product-type-simple"},"_links":{"self":[{"href":"https:\/\/stampcurio.com\/hu\/wp-json\/wp\/v2\/product\/2843","targetHints":{"allow":["GET"]}}],"collection":[{"href":"https:\/\/stampcurio.com\/hu\/wp-json\/wp\/v2\/product"}],"about":[{"href":"https:\/\/stampcurio.com\/hu\/wp-json\/wp\/v2\/types\/product"}],"wp:featuredmedia":[{"embeddable":true,"href":"https:\/\/stampcurio.com\/hu\/wp-json\/wp\/v2\/media\/2656"}],"wp:attachment":[{"href":"https:\/\/stampcurio.com\/hu\/wp-json\/wp\/v2\/media?parent=2843"}],"wp:term":[{"taxonomy":"product_brand","embeddable":true,"href":"https:\/\/stampcurio.com\/hu\/wp-json\/wp\/v2\/product_brand?post=2843"},{"taxonomy":"product_cat","embeddable":true,"href":"https:\/\/stampcurio.com\/hu\/wp-json\/wp\/v2\/product_cat?post=2843"},{"taxonomy":"product_tag","embeddable":true,"href":"https:\/\/stampcurio.com\/hu\/wp-json\/wp\/v2\/product_tag?post=2843"}],"curies":[{"name":"wp","href":"https:\/\/api.w.org\/{rel}","templated":true}]}}