{"id":2841,"date":"2023-11-15T18:39:21","date_gmt":"2023-11-15T17:39:21","guid":{"rendered":"http:\/\/stampcurio.com\/?post_type=product&#038;p=2841"},"modified":"2025-12-05T04:13:13","modified_gmt":"2025-12-05T03:13:13","slug":"1998-magyarorszag-balassagyarmat-konyitett-kuldemeny-feladovevenye-ritkan-lathato-nyomtatvany","status":"publish","type":"product","link":"https:\/\/stampcurio.com\/hu\/termek\/1998-magyarorszag-balassagyarmat-konyitett-kuldemeny-feladovevenye-ritkan-lathato-nyomtatvany\/","title":{"rendered":"1998 Magyarorsz\u00e1g \/ Balassagyarmat -k\u00f6ny\u00edtett k\u00fcldem\u00e9ny felad\u00f3vev\u00e9nye &#8211; ritk\u00e1n l\u00e1that\u00f3 nyomtatv\u00e1ny"},"content":{"rendered":"","protected":false},"excerpt":{"rendered":"<p>K\u00f6nny\u00edtett k\u00fcldem\u00e9ny egy ma m\u00e1r nem l\u00e9tez\u0151 postai szolg\u00e1ltat\u00e1s: max. 25&#215;35 m\u00e9ret \u00e9s max. 250g s\u00faly. Valamint nem ig\u00e9nyel szem\u00e9lyes \u00e1tv\u00e9telt, bedobhat\u00f3 a postal\u00e1d\u00e1ba.<\/p>\n","protected":false},"featured_media":11223,"template":"","meta":[],"product_brand":[],"product_cat":[73],"product_tag":[1044,89],"class_list":{"0":"post-2841","1":"product","2":"type-product","3":"status-publish","4":"has-post-thumbnail","6":"product_cat-magyarorszag-1st","7":"product_tag-1st-auction-hu","8":"product_tag-postatortenet","9":"pa_catalog_id-354","11":"first","12":"outofstock","13":"sold-individually","14":"shipping-taxable","15":"product-type-simple"},"_links":{"self":[{"href":"https:\/\/stampcurio.com\/hu\/wp-json\/wp\/v2\/product\/2841","targetHints":{"allow":["GET"]}}],"collection":[{"href":"https:\/\/stampcurio.com\/hu\/wp-json\/wp\/v2\/product"}],"about":[{"href":"https:\/\/stampcurio.com\/hu\/wp-json\/wp\/v2\/types\/product"}],"wp:featuredmedia":[{"embeddable":true,"href":"https:\/\/stampcurio.com\/hu\/wp-json\/wp\/v2\/media\/11223"}],"wp:attachment":[{"href":"https:\/\/stampcurio.com\/hu\/wp-json\/wp\/v2\/media?parent=2841"}],"wp:term":[{"taxonomy":"product_brand","embeddable":true,"href":"https:\/\/stampcurio.com\/hu\/wp-json\/wp\/v2\/product_brand?post=2841"},{"taxonomy":"product_cat","embeddable":true,"href":"https:\/\/stampcurio.com\/hu\/wp-json\/wp\/v2\/product_cat?post=2841"},{"taxonomy":"product_tag","embeddable":true,"href":"https:\/\/stampcurio.com\/hu\/wp-json\/wp\/v2\/product_tag?post=2841"}],"curies":[{"name":"wp","href":"https:\/\/api.w.org\/{rel}","templated":true}]}}