{"id":2839,"date":"2023-11-15T18:33:08","date_gmt":"2023-11-15T17:33:08","guid":{"rendered":"http:\/\/stampcurio.com\/?post_type=product&#038;p=2839"},"modified":"2025-12-05T04:13:13","modified_gmt":"2025-12-05T03:13:13","slug":"1935-konyv-csomag-cimzes-magyarorszagrol-a-hollandiai-francia-konzulatusra-kuldve-specialis-konyv-tarifa","status":"publish","type":"product","link":"https:\/\/stampcurio.com\/hu\/termek\/1935-konyv-csomag-cimzes-magyarorszagrol-a-hollandiai-francia-konzulatusra-kuldve-specialis-konyv-tarifa\/","title":{"rendered":"1935 k\u00f6nyv csomag c\u00edmz\u00e9s Magyarorsz\u00e1gr\u00f3l a hollandiai Francia konzul\u00e1tusra k\u00fcldve &#8211; speci\u00e1lis k\u00f6nyv tarifa!"},"content":{"rendered":"","protected":false},"excerpt":{"rendered":"<p>A k\u00f6nyv tarifa 3 fill\u00e9r volt 50 grammonk\u00e9nt, teh\u00e1t ez egy 5. s\u00falyfokozat\u00fa k\u00fcldem\u00e9ny c\u00edmr\u00e9sze.<\/p>\n","protected":false},"featured_media":11227,"template":"","meta":[],"product_brand":[],"product_cat":[122,156,73],"product_tag":[1044,127,176,89],"class_list":{"0":"post-2839","1":"product","2":"type-product","3":"status-publish","4":"has-post-thumbnail","6":"product_cat-franciaorszag-1st","7":"product_cat-hollandia-1st","8":"product_cat-magyarorszag-1st","9":"product_tag-1st-auction-hu","10":"product_tag-konzulatusi-posta","11":"product_tag-philagem","12":"product_tag-postatortenet","13":"pa_catalog_id-353","15":"first","16":"outofstock","17":"sold-individually","18":"shipping-taxable","19":"product-type-simple"},"_links":{"self":[{"href":"https:\/\/stampcurio.com\/hu\/wp-json\/wp\/v2\/product\/2839","targetHints":{"allow":["GET"]}}],"collection":[{"href":"https:\/\/stampcurio.com\/hu\/wp-json\/wp\/v2\/product"}],"about":[{"href":"https:\/\/stampcurio.com\/hu\/wp-json\/wp\/v2\/types\/product"}],"wp:featuredmedia":[{"embeddable":true,"href":"https:\/\/stampcurio.com\/hu\/wp-json\/wp\/v2\/media\/11227"}],"wp:attachment":[{"href":"https:\/\/stampcurio.com\/hu\/wp-json\/wp\/v2\/media?parent=2839"}],"wp:term":[{"taxonomy":"product_brand","embeddable":true,"href":"https:\/\/stampcurio.com\/hu\/wp-json\/wp\/v2\/product_brand?post=2839"},{"taxonomy":"product_cat","embeddable":true,"href":"https:\/\/stampcurio.com\/hu\/wp-json\/wp\/v2\/product_cat?post=2839"},{"taxonomy":"product_tag","embeddable":true,"href":"https:\/\/stampcurio.com\/hu\/wp-json\/wp\/v2\/product_tag?post=2839"}],"curies":[{"name":"wp","href":"https:\/\/api.w.org\/{rel}","templated":true}]}}