{"id":2835,"date":"2023-11-15T18:22:22","date_gmt":"2023-11-15T17:22:22","guid":{"rendered":"http:\/\/stampcurio.com\/?post_type=product&#038;p=2835"},"modified":"2025-12-05T04:13:14","modified_gmt":"2025-12-05T03:13:14","slug":"1871-evi-postautalvany-1874-evi-levelboritekrajzu-belyeggel-kiegeszitve-vegyes-bermentesitesu-szolnokon-feladott-postautalvanyon","status":"publish","type":"product","link":"https:\/\/stampcurio.com\/hu\/termek\/1871-evi-postautalvany-1874-evi-levelboritekrajzu-belyeggel-kiegeszitve-vegyes-bermentesitesu-szolnokon-feladott-postautalvanyon\/","title":{"rendered":"1871. \u00e9vi postautalv\u00e1ny 1874. \u00e9vi lev\u00e9lbor\u00edt\u00e9krajz\u00fa b\u00e9lyeggel kieg\u00e9sz\u00edtve, vegyes b\u00e9rmentes\u00edt\u00e9s\u0171 Szolnokon feladott postautalv\u00e1nyon"},"content":{"rendered":"","protected":false},"excerpt":{"rendered":"","protected":false},"featured_media":11230,"template":"","meta":[],"product_brand":[],"product_cat":[73],"product_tag":[1044,116,89,351,172],"class_list":{"0":"post-2835","1":"product","2":"type-product","3":"status-publish","4":"has-post-thumbnail","6":"product_cat-magyarorszag-1st","7":"product_tag-1st-auction-hu","8":"product_tag-belyeg","9":"product_tag-postatortenet","10":"product_tag-postautalvany","11":"product_tag-vegyes-bermentesites","12":"pa_catalog_id-350","14":"first","15":"outofstock","16":"sold-individually","17":"shipping-taxable","18":"product-type-simple"},"_links":{"self":[{"href":"https:\/\/stampcurio.com\/hu\/wp-json\/wp\/v2\/product\/2835","targetHints":{"allow":["GET"]}}],"collection":[{"href":"https:\/\/stampcurio.com\/hu\/wp-json\/wp\/v2\/product"}],"about":[{"href":"https:\/\/stampcurio.com\/hu\/wp-json\/wp\/v2\/types\/product"}],"wp:featuredmedia":[{"embeddable":true,"href":"https:\/\/stampcurio.com\/hu\/wp-json\/wp\/v2\/media\/11230"}],"wp:attachment":[{"href":"https:\/\/stampcurio.com\/hu\/wp-json\/wp\/v2\/media?parent=2835"}],"wp:term":[{"taxonomy":"product_brand","embeddable":true,"href":"https:\/\/stampcurio.com\/hu\/wp-json\/wp\/v2\/product_brand?post=2835"},{"taxonomy":"product_cat","embeddable":true,"href":"https:\/\/stampcurio.com\/hu\/wp-json\/wp\/v2\/product_cat?post=2835"},{"taxonomy":"product_tag","embeddable":true,"href":"https:\/\/stampcurio.com\/hu\/wp-json\/wp\/v2\/product_tag?post=2835"}],"curies":[{"name":"wp","href":"https:\/\/api.w.org\/{rel}","templated":true}]}}