{"id":2831,"date":"2023-11-15T18:11:27","date_gmt":"2023-11-15T17:11:27","guid":{"rendered":"http:\/\/stampcurio.com\/?post_type=product&#038;p=2831"},"modified":"2025-12-05T04:13:14","modified_gmt":"2025-12-05T03:13:14","slug":"1943-kina-manchukuko-fdc-boritek-a-6f-belyegen-a-felulnyomat-ismert-torott-vonal-variansaval","status":"publish","type":"product","link":"https:\/\/stampcurio.com\/hu\/termek\/1943-kina-manchukuko-fdc-boritek-a-6f-belyegen-a-felulnyomat-ismert-torott-vonal-variansaval\/","title":{"rendered":"1943 K\u00edna Manchukuko FDC bor\u00edt\u00e9k a 6F b\u00e9lyegen a fel\u00fclnyomat ismert t\u00f6r\u00f6tt vonal vari\u00e1ns\u00e1val"},"content":{"rendered":"","protected":false},"excerpt":{"rendered":"<p>Zirkle k\u00e9zik\u00f6nyve a vari\u00e1nst a 3F b\u00e9lyegen azonos\u00edtja mint a 65. \u00edvhelyen el\u0151fordul\u00f3 rendelleness\u00e9g, teh\u00e1t a 6F b\u00e9lyegen val\u00f3 el\u0151fordul\u00e1sa is v\u00e1rhat\u00f3 volt, b\u00e1r Zirkle m\u00e9g nem ismert p\u00e9ld\u00e1nyt.<\/p>\n","protected":false},"featured_media":2617,"template":"","meta":[],"product_brand":[],"product_cat":[348,207],"product_tag":[1044,116,100,217],"class_list":{"0":"post-2831","1":"product","2":"type-product","3":"status-publish","4":"has-post-thumbnail","6":"product_cat-japan-1st","7":"product_cat-kina-1st","8":"product_tag-1st-auction-hu","9":"product_tag-belyeg","10":"product_tag-fdc","11":"product_tag-tevnyomat","12":"pa_catalog_id-347","14":"first","15":"outofstock","16":"sold-individually","17":"shipping-taxable","18":"product-type-simple"},"_links":{"self":[{"href":"https:\/\/stampcurio.com\/hu\/wp-json\/wp\/v2\/product\/2831","targetHints":{"allow":["GET"]}}],"collection":[{"href":"https:\/\/stampcurio.com\/hu\/wp-json\/wp\/v2\/product"}],"about":[{"href":"https:\/\/stampcurio.com\/hu\/wp-json\/wp\/v2\/types\/product"}],"wp:featuredmedia":[{"embeddable":true,"href":"https:\/\/stampcurio.com\/hu\/wp-json\/wp\/v2\/media\/2617"}],"wp:attachment":[{"href":"https:\/\/stampcurio.com\/hu\/wp-json\/wp\/v2\/media?parent=2831"}],"wp:term":[{"taxonomy":"product_brand","embeddable":true,"href":"https:\/\/stampcurio.com\/hu\/wp-json\/wp\/v2\/product_brand?post=2831"},{"taxonomy":"product_cat","embeddable":true,"href":"https:\/\/stampcurio.com\/hu\/wp-json\/wp\/v2\/product_cat?post=2831"},{"taxonomy":"product_tag","embeddable":true,"href":"https:\/\/stampcurio.com\/hu\/wp-json\/wp\/v2\/product_tag?post=2831"}],"curies":[{"name":"wp","href":"https:\/\/api.w.org\/{rel}","templated":true}]}}