{"id":2829,"date":"2023-11-15T17:48:53","date_gmt":"2023-11-15T16:48:53","guid":{"rendered":"http:\/\/stampcurio.com\/?post_type=product&#038;p=2829"},"modified":"2025-12-05T04:13:14","modified_gmt":"2025-12-05T03:13:14","slug":"1890-indiai-dijjegyes-boritek-es-belyeg-zanzibarban-feladva-aden-keresztul-nemetorszagba-kuldve","status":"publish","type":"product","link":"https:\/\/stampcurio.com\/hu\/termek\/1890-indiai-dijjegyes-boritek-es-belyeg-zanzibarban-feladva-aden-keresztul-nemetorszagba-kuldve\/","title":{"rendered":"1890 indiai d\u00edjjegyes bor\u00edt\u00e9k \u00e9s b\u00e9lyeg Zanzib\u00e1rban feladva Aden kereszt\u00fcl N\u00e9metorsz\u00e1gba k\u00fcldve"},"content":{"rendered":"","protected":false},"excerpt":{"rendered":"","protected":false},"featured_media":2605,"template":"","meta":[],"product_brand":[],"product_cat":[180,342,341,340],"product_tag":[1044,116,74,67,89],"class_list":{"0":"post-2829","1":"product","2":"type-product","3":"status-publish","4":"has-post-thumbnail","6":"product_cat-egyesult-kiralysag-1st","7":"product_cat-india-1st","8":"product_cat-jemen-1st","9":"product_cat-tanzania-1st","10":"product_tag-1st-auction-hu","11":"product_tag-belyeg","12":"product_tag-dijjegyes","13":"product_tag-marcofilatelia","14":"product_tag-postatortenet","15":"pa_catalog_id-343","17":"first","18":"outofstock","19":"sold-individually","20":"shipping-taxable","21":"product-type-simple"},"_links":{"self":[{"href":"https:\/\/stampcurio.com\/hu\/wp-json\/wp\/v2\/product\/2829","targetHints":{"allow":["GET"]}}],"collection":[{"href":"https:\/\/stampcurio.com\/hu\/wp-json\/wp\/v2\/product"}],"about":[{"href":"https:\/\/stampcurio.com\/hu\/wp-json\/wp\/v2\/types\/product"}],"wp:featuredmedia":[{"embeddable":true,"href":"https:\/\/stampcurio.com\/hu\/wp-json\/wp\/v2\/media\/2605"}],"wp:attachment":[{"href":"https:\/\/stampcurio.com\/hu\/wp-json\/wp\/v2\/media?parent=2829"}],"wp:term":[{"taxonomy":"product_brand","embeddable":true,"href":"https:\/\/stampcurio.com\/hu\/wp-json\/wp\/v2\/product_brand?post=2829"},{"taxonomy":"product_cat","embeddable":true,"href":"https:\/\/stampcurio.com\/hu\/wp-json\/wp\/v2\/product_cat?post=2829"},{"taxonomy":"product_tag","embeddable":true,"href":"https:\/\/stampcurio.com\/hu\/wp-json\/wp\/v2\/product_tag?post=2829"}],"curies":[{"name":"wp","href":"https:\/\/api.w.org\/{rel}","templated":true}]}}