{"id":2827,"date":"2023-11-15T17:26:31","date_gmt":"2023-11-15T16:26:31","guid":{"rendered":"http:\/\/stampcurio.com\/?post_type=product&#038;p=2827"},"modified":"2025-12-05T04:13:15","modified_gmt":"2025-12-05T03:13:15","slug":"1863-ausztria-15kr-dijjegyes-boritek-pestrol-bukarestbe-kuldve-a-konzulatusi-postahivatal-altal-portozva","status":"publish","type":"product","link":"https:\/\/stampcurio.com\/hu\/termek\/1863-ausztria-15kr-dijjegyes-boritek-pestrol-bukarestbe-kuldve-a-konzulatusi-postahivatal-altal-portozva\/","title":{"rendered":"1863 Ausztria 15kr d\u00edjjegyes bor\u00edt\u00e9k Pestr\u0151l Bukarestbe k\u00fcldve a konzul\u00e1tusi postahivatal \u00e1ltal port\u00f3zva"},"content":{"rendered":"","protected":false},"excerpt":{"rendered":"<p>Rendk\u00edv\u00fcl ritk\u00e1n l\u00e1that\u00f3 konzul\u00e1tusi port\u00f3z\u00e1s. A d\u00edjjegyes bor\u00edt\u00e9k C tipus\u00fa. A hajt\u00f3ka egy r\u00e9sze hi\u00e1nyzik.<\/p>\n","protected":false},"featured_media":2596,"template":"","meta":[],"product_brand":[],"product_cat":[60,73,105],"product_tag":[1044,74,1008,127,108,89],"class_list":{"0":"post-2827","1":"product","2":"type-product","3":"status-publish","4":"has-post-thumbnail","6":"product_cat-ausztria-1st","7":"product_cat-magyarorszag-1st","8":"product_cat-romania-1st","9":"product_tag-1st-auction-hu","10":"product_tag-dijjegyes","11":"product_tag-ebay","12":"product_tag-konzulatusi-posta","13":"product_tag-porto","14":"product_tag-postatortenet","15":"pa_catalog_id-339","17":"first","18":"instock","19":"sold-individually","20":"shipping-taxable","21":"product-type-simple"},"_links":{"self":[{"href":"https:\/\/stampcurio.com\/hu\/wp-json\/wp\/v2\/product\/2827","targetHints":{"allow":["GET"]}}],"collection":[{"href":"https:\/\/stampcurio.com\/hu\/wp-json\/wp\/v2\/product"}],"about":[{"href":"https:\/\/stampcurio.com\/hu\/wp-json\/wp\/v2\/types\/product"}],"wp:featuredmedia":[{"embeddable":true,"href":"https:\/\/stampcurio.com\/hu\/wp-json\/wp\/v2\/media\/2596"}],"wp:attachment":[{"href":"https:\/\/stampcurio.com\/hu\/wp-json\/wp\/v2\/media?parent=2827"}],"wp:term":[{"taxonomy":"product_brand","embeddable":true,"href":"https:\/\/stampcurio.com\/hu\/wp-json\/wp\/v2\/product_brand?post=2827"},{"taxonomy":"product_cat","embeddable":true,"href":"https:\/\/stampcurio.com\/hu\/wp-json\/wp\/v2\/product_cat?post=2827"},{"taxonomy":"product_tag","embeddable":true,"href":"https:\/\/stampcurio.com\/hu\/wp-json\/wp\/v2\/product_tag?post=2827"}],"curies":[{"name":"wp","href":"https:\/\/api.w.org\/{rel}","templated":true}]}}