{"id":2825,"date":"2023-11-15T17:17:31","date_gmt":"2023-11-15T16:17:31","guid":{"rendered":"http:\/\/stampcurio.com\/?post_type=product&#038;p=2825"},"modified":"2025-12-05T04:13:15","modified_gmt":"2025-12-05T03:13:15","slug":"1944-december-17-rendkivul-kesoi-legiposta-dijjegyes-levelezesi-lap-legiposta-budapest-4-belyegzessel-becsbe-cenzura","status":"publish","type":"product","link":"https:\/\/stampcurio.com\/hu\/termek\/1944-december-17-rendkivul-kesoi-legiposta-dijjegyes-levelezesi-lap-legiposta-budapest-4-belyegzessel-becsbe-cenzura\/","title":{"rendered":"1944 december 17. rendk\u00edv\u00fcl k\u00e9s\u0151i l\u00e9giposta d\u00edjjegyes levelez\u00e9si lap L\u00e9giposta \/ Budapest 4 b\u00e9lyegz\u00e9ssel B\u00e9csbe + cenz\u00fara"},"content":{"rendered":"","protected":false},"excerpt":{"rendered":"<p>H\u00e1toldalon vegyi cenz\u00fara nyoma.<\/p>\n","protected":false},"featured_media":2587,"template":"","meta":[],"product_brand":[],"product_cat":[60,73],"product_tag":[279,1044,233,74,115,89],"class_list":{"0":"post-2825","1":"product","2":"type-product","3":"status-publish","4":"has-post-thumbnail","6":"product_cat-ausztria-1st","7":"product_cat-magyarorszag-1st","8":"product_tag-1944-45","9":"product_tag-1st-auction-hu","10":"product_tag-cenzura","11":"product_tag-dijjegyes","12":"product_tag-legiposta","13":"product_tag-postatortenet","14":"pa_catalog_id-338","16":"first","17":"instock","18":"sold-individually","19":"shipping-taxable","20":"product-type-simple"},"_links":{"self":[{"href":"https:\/\/stampcurio.com\/hu\/wp-json\/wp\/v2\/product\/2825","targetHints":{"allow":["GET"]}}],"collection":[{"href":"https:\/\/stampcurio.com\/hu\/wp-json\/wp\/v2\/product"}],"about":[{"href":"https:\/\/stampcurio.com\/hu\/wp-json\/wp\/v2\/types\/product"}],"wp:featuredmedia":[{"embeddable":true,"href":"https:\/\/stampcurio.com\/hu\/wp-json\/wp\/v2\/media\/2587"}],"wp:attachment":[{"href":"https:\/\/stampcurio.com\/hu\/wp-json\/wp\/v2\/media?parent=2825"}],"wp:term":[{"taxonomy":"product_brand","embeddable":true,"href":"https:\/\/stampcurio.com\/hu\/wp-json\/wp\/v2\/product_brand?post=2825"},{"taxonomy":"product_cat","embeddable":true,"href":"https:\/\/stampcurio.com\/hu\/wp-json\/wp\/v2\/product_cat?post=2825"},{"taxonomy":"product_tag","embeddable":true,"href":"https:\/\/stampcurio.com\/hu\/wp-json\/wp\/v2\/product_tag?post=2825"}],"curies":[{"name":"wp","href":"https:\/\/api.w.org\/{rel}","templated":true}]}}