{"id":2823,"date":"2023-11-15T17:12:08","date_gmt":"2023-11-15T16:12:08","guid":{"rendered":"http:\/\/stampcurio.com\/?post_type=product&#038;p=2823"},"modified":"2025-12-05T04:13:15","modified_gmt":"2025-12-05T03:13:15","slug":"1902-szerbia-szallitolevel-31kg-s-csomagrol-ritkan-lathato-5-din-belyeggel","status":"publish","type":"product","link":"https:\/\/stampcurio.com\/hu\/termek\/1902-szerbia-szallitolevel-31kg-s-csomagrol-ritkan-lathato-5-din-belyeggel\/","title":{"rendered":"1902 Szerbia sz\u00e1ll\u00edt\u00f3lev\u00e9l 31kg-s (!) csomagr\u00f3l ritk\u00e1n l\u00e1that\u00f3 5 DIN b\u00e9lyeggel"},"content":{"rendered":"","protected":false},"excerpt":{"rendered":"<p>Az 1 Din b\u00e9lyeg sarokhib\u00e1s.<\/p>\n","protected":false},"featured_media":11233,"template":"","meta":[],"product_brand":[],"product_cat":[135],"product_tag":[1044,116,89,157],"class_list":{"0":"post-2823","1":"product","2":"type-product","3":"status-publish","4":"has-post-thumbnail","6":"product_cat-szerbia-1st","7":"product_tag-1st-auction-hu","8":"product_tag-belyeg","9":"product_tag-postatortenet","10":"product_tag-szallitolevel","11":"pa_catalog_id-337","13":"first","14":"instock","15":"sold-individually","16":"shipping-taxable","17":"product-type-simple"},"_links":{"self":[{"href":"https:\/\/stampcurio.com\/hu\/wp-json\/wp\/v2\/product\/2823","targetHints":{"allow":["GET"]}}],"collection":[{"href":"https:\/\/stampcurio.com\/hu\/wp-json\/wp\/v2\/product"}],"about":[{"href":"https:\/\/stampcurio.com\/hu\/wp-json\/wp\/v2\/types\/product"}],"wp:featuredmedia":[{"embeddable":true,"href":"https:\/\/stampcurio.com\/hu\/wp-json\/wp\/v2\/media\/11233"}],"wp:attachment":[{"href":"https:\/\/stampcurio.com\/hu\/wp-json\/wp\/v2\/media?parent=2823"}],"wp:term":[{"taxonomy":"product_brand","embeddable":true,"href":"https:\/\/stampcurio.com\/hu\/wp-json\/wp\/v2\/product_brand?post=2823"},{"taxonomy":"product_cat","embeddable":true,"href":"https:\/\/stampcurio.com\/hu\/wp-json\/wp\/v2\/product_cat?post=2823"},{"taxonomy":"product_tag","embeddable":true,"href":"https:\/\/stampcurio.com\/hu\/wp-json\/wp\/v2\/product_tag?post=2823"}],"curies":[{"name":"wp","href":"https:\/\/api.w.org\/{rel}","templated":true}]}}