{"id":2820,"date":"2023-11-15T16:56:59","date_gmt":"2023-11-15T15:56:59","guid":{"rendered":"http:\/\/stampcurio.com\/?post_type=product&#038;p=2820"},"modified":"2025-12-05T04:13:16","modified_gmt":"2025-12-05T03:13:16","slug":"1934-ket-legiposta-boritek-braziliabol-europaba-kuldve-az-egyik-helgoland-ba-condor-zepplein","status":"publish","type":"product","link":"https:\/\/stampcurio.com\/hu\/termek\/1934-ket-legiposta-boritek-braziliabol-europaba-kuldve-az-egyik-helgoland-ba-condor-zepplein\/","title":{"rendered":"1934 k\u00e9t l\u00e9giposta bor\u00edt\u00e9k Braz\u00edli\u00e1b\u00f3l Eur\u00f3p\u00e1ba k\u00fcldve az egyik Helgoland-ba &#8211; Condor Zepplein"},"content":{"rendered":"","protected":false},"excerpt":{"rendered":"","protected":false},"featured_media":2566,"template":"","meta":[],"product_brand":[],"product_cat":[335,180,113],"product_tag":[1044,115,89,150],"class_list":{"0":"post-2820","1":"product","2":"type-product","3":"status-publish","4":"has-post-thumbnail","6":"product_cat-brazilia-1st","7":"product_cat-egyesult-kiralysag-1st","8":"product_cat-nemetorszag-1st","9":"product_tag-1st-auction-hu","10":"product_tag-legiposta","11":"product_tag-postatortenet","12":"product_tag-zeppelin","13":"pa_catalog_id-334","15":"first","16":"instock","17":"sold-individually","18":"shipping-taxable","19":"product-type-simple"},"_links":{"self":[{"href":"https:\/\/stampcurio.com\/hu\/wp-json\/wp\/v2\/product\/2820","targetHints":{"allow":["GET"]}}],"collection":[{"href":"https:\/\/stampcurio.com\/hu\/wp-json\/wp\/v2\/product"}],"about":[{"href":"https:\/\/stampcurio.com\/hu\/wp-json\/wp\/v2\/types\/product"}],"wp:featuredmedia":[{"embeddable":true,"href":"https:\/\/stampcurio.com\/hu\/wp-json\/wp\/v2\/media\/2566"}],"wp:attachment":[{"href":"https:\/\/stampcurio.com\/hu\/wp-json\/wp\/v2\/media?parent=2820"}],"wp:term":[{"taxonomy":"product_brand","embeddable":true,"href":"https:\/\/stampcurio.com\/hu\/wp-json\/wp\/v2\/product_brand?post=2820"},{"taxonomy":"product_cat","embeddable":true,"href":"https:\/\/stampcurio.com\/hu\/wp-json\/wp\/v2\/product_cat?post=2820"},{"taxonomy":"product_tag","embeddable":true,"href":"https:\/\/stampcurio.com\/hu\/wp-json\/wp\/v2\/product_tag?post=2820"}],"curies":[{"name":"wp","href":"https:\/\/api.w.org\/{rel}","templated":true}]}}