{"id":2818,"date":"2023-11-15T16:47:24","date_gmt":"2023-11-15T15:47:24","guid":{"rendered":"http:\/\/stampcurio.com\/?post_type=product&#038;p=2818"},"modified":"2025-12-05T04:13:16","modified_gmt":"2025-12-05T03:13:16","slug":"1941-magyarorszagrol-svajcba-kuldott-ajanlott-expressz-boritek-20c-portoval","status":"publish","type":"product","link":"https:\/\/stampcurio.com\/hu\/termek\/1941-magyarorszagrol-svajcba-kuldott-ajanlott-expressz-boritek-20c-portoval\/","title":{"rendered":"1941 Magyarorsz\u00e1gr\u00f3l Sv\u00e1jcba k\u00fcld\u00f6tt aj\u00e1nlott expressz bor\u00edt\u00e9k 20c port\u00f3val"},"content":{"rendered":"","protected":false},"excerpt":{"rendered":"","protected":false},"featured_media":11236,"template":"","meta":[],"product_brand":[],"product_cat":[73,107],"product_tag":[1044,108,89],"class_list":{"0":"post-2818","1":"product","2":"type-product","3":"status-publish","4":"has-post-thumbnail","6":"product_cat-magyarorszag-1st","7":"product_cat-svajc-1st","8":"product_tag-1st-auction-hu","9":"product_tag-porto","10":"product_tag-postatortenet","11":"pa_catalog_id-333","13":"first","14":"instock","15":"sold-individually","16":"shipping-taxable","17":"product-type-simple"},"_links":{"self":[{"href":"https:\/\/stampcurio.com\/hu\/wp-json\/wp\/v2\/product\/2818","targetHints":{"allow":["GET"]}}],"collection":[{"href":"https:\/\/stampcurio.com\/hu\/wp-json\/wp\/v2\/product"}],"about":[{"href":"https:\/\/stampcurio.com\/hu\/wp-json\/wp\/v2\/types\/product"}],"wp:featuredmedia":[{"embeddable":true,"href":"https:\/\/stampcurio.com\/hu\/wp-json\/wp\/v2\/media\/11236"}],"wp:attachment":[{"href":"https:\/\/stampcurio.com\/hu\/wp-json\/wp\/v2\/media?parent=2818"}],"wp:term":[{"taxonomy":"product_brand","embeddable":true,"href":"https:\/\/stampcurio.com\/hu\/wp-json\/wp\/v2\/product_brand?post=2818"},{"taxonomy":"product_cat","embeddable":true,"href":"https:\/\/stampcurio.com\/hu\/wp-json\/wp\/v2\/product_cat?post=2818"},{"taxonomy":"product_tag","embeddable":true,"href":"https:\/\/stampcurio.com\/hu\/wp-json\/wp\/v2\/product_tag?post=2818"}],"curies":[{"name":"wp","href":"https:\/\/api.w.org\/{rel}","templated":true}]}}