{"id":2816,"date":"2023-11-15T16:42:51","date_gmt":"2023-11-15T15:42:51","guid":{"rendered":"http:\/\/stampcurio.com\/?post_type=product&#038;p=2816"},"modified":"2025-12-05T04:13:16","modified_gmt":"2025-12-05T03:13:16","slug":"1943-a-svajci-kovetseg-levele-budapestrol-svajcba-kuldve-kov-azaz-kovetsegi-cenzuraval","status":"publish","type":"product","link":"https:\/\/stampcurio.com\/hu\/termek\/1943-a-svajci-kovetseg-levele-budapestrol-svajcba-kuldve-kov-azaz-kovetsegi-cenzuraval\/","title":{"rendered":"1943 a sv\u00e1jci k\u00f6vets\u00e9g levele Budapestr\u0151l Sv\u00e1jcba k\u00fcldve K\u00d6V azaz k\u00f6vets\u00e9gi cenz\u00far\u00e1val"},"content":{"rendered":"","protected":false},"excerpt":{"rendered":"","protected":false},"featured_media":2551,"template":"","meta":[],"product_brand":[],"product_cat":[73,107],"product_tag":[1044,233,127,89],"class_list":{"0":"post-2816","1":"product","2":"type-product","3":"status-publish","4":"has-post-thumbnail","6":"product_cat-magyarorszag-1st","7":"product_cat-svajc-1st","8":"product_tag-1st-auction-hu","9":"product_tag-cenzura","10":"product_tag-konzulatusi-posta","11":"product_tag-postatortenet","12":"pa_catalog_id-332","14":"first","15":"instock","16":"sold-individually","17":"shipping-taxable","18":"product-type-simple"},"_links":{"self":[{"href":"https:\/\/stampcurio.com\/hu\/wp-json\/wp\/v2\/product\/2816","targetHints":{"allow":["GET"]}}],"collection":[{"href":"https:\/\/stampcurio.com\/hu\/wp-json\/wp\/v2\/product"}],"about":[{"href":"https:\/\/stampcurio.com\/hu\/wp-json\/wp\/v2\/types\/product"}],"wp:featuredmedia":[{"embeddable":true,"href":"https:\/\/stampcurio.com\/hu\/wp-json\/wp\/v2\/media\/2551"}],"wp:attachment":[{"href":"https:\/\/stampcurio.com\/hu\/wp-json\/wp\/v2\/media?parent=2816"}],"wp:term":[{"taxonomy":"product_brand","embeddable":true,"href":"https:\/\/stampcurio.com\/hu\/wp-json\/wp\/v2\/product_brand?post=2816"},{"taxonomy":"product_cat","embeddable":true,"href":"https:\/\/stampcurio.com\/hu\/wp-json\/wp\/v2\/product_cat?post=2816"},{"taxonomy":"product_tag","embeddable":true,"href":"https:\/\/stampcurio.com\/hu\/wp-json\/wp\/v2\/product_tag?post=2816"}],"curies":[{"name":"wp","href":"https:\/\/api.w.org\/{rel}","templated":true}]}}