{"id":2814,"date":"2023-11-15T16:34:00","date_gmt":"2023-11-15T15:34:00","guid":{"rendered":"http:\/\/stampcurio.com\/?post_type=product&#038;p=2814"},"modified":"2025-12-05T04:13:16","modified_gmt":"2025-12-05T03:13:16","slug":"1936-portugalia-voros-kereszt-forditott-felulnyomas-boritekon-eredetiseget-igazolo-szelvennyel","status":"publish","type":"product","link":"https:\/\/stampcurio.com\/hu\/termek\/1936-portugalia-voros-kereszt-forditott-felulnyomas-boritekon-eredetiseget-igazolo-szelvennyel\/","title":{"rendered":"1936 Portug\u00e1lia &#8211; V\u00f6r\u00f6s kereszt FORD\u00cdTOTT fel\u00fclnyom\u00e1s bor\u00edt\u00e9kon, eredetis\u00e9get igazol\u00f3 szelv\u00e9nnyel"},"content":{"rendered":"","protected":false},"excerpt":{"rendered":"<p>Az igazol\u00e1s tan\u00fas\u00e1ga szerint a fod\u00edtott fel\u00fclnyom\u00e1st \u00e9szrevett\u00e9k \u00e9s az 50 darabot a v\u00f6r\u00f6skereszt \u00e1tlal kor\u00e1bban post\u00e1zott \u00e9s azt\u00e1n visszak\u00e9rt bor\u00edt\u00e9kokon ki\u00e1rus\u00edtott.<\/p>\n","protected":false},"featured_media":11138,"template":"","meta":[],"product_brand":[],"product_cat":[327],"product_tag":[1044,116,176,89,328],"class_list":{"0":"post-2814","1":"product","2":"type-product","3":"status-publish","4":"has-post-thumbnail","6":"product_cat-portugalia-1st","7":"product_tag-1st-auction-hu","8":"product_tag-belyeg","9":"product_tag-philagem","10":"product_tag-postatortenet","11":"product_tag-voroskereszt","12":"pa_catalog_id-329","14":"first","15":"instock","16":"sold-individually","17":"shipping-taxable","18":"product-type-simple"},"_links":{"self":[{"href":"https:\/\/stampcurio.com\/hu\/wp-json\/wp\/v2\/product\/2814","targetHints":{"allow":["GET"]}}],"collection":[{"href":"https:\/\/stampcurio.com\/hu\/wp-json\/wp\/v2\/product"}],"about":[{"href":"https:\/\/stampcurio.com\/hu\/wp-json\/wp\/v2\/types\/product"}],"wp:featuredmedia":[{"embeddable":true,"href":"https:\/\/stampcurio.com\/hu\/wp-json\/wp\/v2\/media\/11138"}],"wp:attachment":[{"href":"https:\/\/stampcurio.com\/hu\/wp-json\/wp\/v2\/media?parent=2814"}],"wp:term":[{"taxonomy":"product_brand","embeddable":true,"href":"https:\/\/stampcurio.com\/hu\/wp-json\/wp\/v2\/product_brand?post=2814"},{"taxonomy":"product_cat","embeddable":true,"href":"https:\/\/stampcurio.com\/hu\/wp-json\/wp\/v2\/product_cat?post=2814"},{"taxonomy":"product_tag","embeddable":true,"href":"https:\/\/stampcurio.com\/hu\/wp-json\/wp\/v2\/product_tag?post=2814"}],"curies":[{"name":"wp","href":"https:\/\/api.w.org\/{rel}","templated":true}]}}