{"id":2811,"date":"2023-11-14T14:32:29","date_gmt":"2023-11-14T13:32:29","guid":{"rendered":"http:\/\/stampcurio.com\/?post_type=product&#038;p=2811"},"modified":"2025-12-05T04:13:17","modified_gmt":"2025-12-05T03:13:17","slug":"1979-12-21-kina-sztalin-100-szuletesnapi-kiadas-fdc-boritekja","status":"publish","type":"product","link":"https:\/\/stampcurio.com\/hu\/termek\/1979-12-21-kina-sztalin-100-szuletesnapi-kiadas-fdc-boritekja\/","title":{"rendered":"1979.12.21. K\u00edna &#8211; Szt\u00e1lin 100. sz\u00fclet\u00e9snapi kiad\u00e1s FDC bor\u00edt\u00e9kja"},"content":{"rendered":"","protected":false},"excerpt":{"rendered":"","protected":false},"featured_media":11142,"template":"","meta":[],"product_brand":[],"product_cat":[207,124],"product_tag":[1044,116,100],"class_list":{"0":"post-2811","1":"product","2":"type-product","3":"status-publish","4":"has-post-thumbnail","6":"product_cat-kina-1st","7":"product_cat-oroszorszag-1st","8":"product_tag-1st-auction-hu","9":"product_tag-belyeg","10":"product_tag-fdc","11":"pa_catalog_id-326","13":"first","14":"instock","15":"sold-individually","16":"shipping-taxable","17":"product-type-simple"},"_links":{"self":[{"href":"https:\/\/stampcurio.com\/hu\/wp-json\/wp\/v2\/product\/2811","targetHints":{"allow":["GET"]}}],"collection":[{"href":"https:\/\/stampcurio.com\/hu\/wp-json\/wp\/v2\/product"}],"about":[{"href":"https:\/\/stampcurio.com\/hu\/wp-json\/wp\/v2\/types\/product"}],"wp:featuredmedia":[{"embeddable":true,"href":"https:\/\/stampcurio.com\/hu\/wp-json\/wp\/v2\/media\/11142"}],"wp:attachment":[{"href":"https:\/\/stampcurio.com\/hu\/wp-json\/wp\/v2\/media?parent=2811"}],"wp:term":[{"taxonomy":"product_brand","embeddable":true,"href":"https:\/\/stampcurio.com\/hu\/wp-json\/wp\/v2\/product_brand?post=2811"},{"taxonomy":"product_cat","embeddable":true,"href":"https:\/\/stampcurio.com\/hu\/wp-json\/wp\/v2\/product_cat?post=2811"},{"taxonomy":"product_tag","embeddable":true,"href":"https:\/\/stampcurio.com\/hu\/wp-json\/wp\/v2\/product_tag?post=2811"}],"curies":[{"name":"wp","href":"https:\/\/api.w.org\/{rel}","templated":true}]}}