{"id":2809,"date":"2023-11-14T14:25:03","date_gmt":"2023-11-14T13:25:03","guid":{"rendered":"http:\/\/stampcurio.com\/?post_type=product&#038;p=2809"},"modified":"2025-12-05T04:13:17","modified_gmt":"2025-12-05T03:13:17","slug":"1958-szep-legiposta-boritek-kinabol-magyarorszagra-kuldve-ritka-relacio","status":"publish","type":"product","link":"https:\/\/stampcurio.com\/hu\/termek\/1958-szep-legiposta-boritek-kinabol-magyarorszagra-kuldve-ritka-relacio\/","title":{"rendered":"1958 sz\u00e9p l\u00e9giposta bor\u00edt\u00e9k K\u00edn\u00e1b\u00f3l Magyarorsz\u00e1gra k\u00fcldve &#8211; ritka rel\u00e1ci\u00f3"},"content":{"rendered":"","protected":false},"excerpt":{"rendered":"","protected":false},"featured_media":11148,"template":"","meta":[],"product_brand":[],"product_cat":[207,73],"product_tag":[1044,115,89],"class_list":{"0":"post-2809","1":"product","2":"type-product","3":"status-publish","4":"has-post-thumbnail","6":"product_cat-kina-1st","7":"product_cat-magyarorszag-1st","8":"product_tag-1st-auction-hu","9":"product_tag-legiposta","10":"product_tag-postatortenet","11":"pa_catalog_id-325","13":"first","14":"instock","15":"sold-individually","16":"shipping-taxable","17":"product-type-simple"},"_links":{"self":[{"href":"https:\/\/stampcurio.com\/hu\/wp-json\/wp\/v2\/product\/2809","targetHints":{"allow":["GET"]}}],"collection":[{"href":"https:\/\/stampcurio.com\/hu\/wp-json\/wp\/v2\/product"}],"about":[{"href":"https:\/\/stampcurio.com\/hu\/wp-json\/wp\/v2\/types\/product"}],"wp:featuredmedia":[{"embeddable":true,"href":"https:\/\/stampcurio.com\/hu\/wp-json\/wp\/v2\/media\/11148"}],"wp:attachment":[{"href":"https:\/\/stampcurio.com\/hu\/wp-json\/wp\/v2\/media?parent=2809"}],"wp:term":[{"taxonomy":"product_brand","embeddable":true,"href":"https:\/\/stampcurio.com\/hu\/wp-json\/wp\/v2\/product_brand?post=2809"},{"taxonomy":"product_cat","embeddable":true,"href":"https:\/\/stampcurio.com\/hu\/wp-json\/wp\/v2\/product_cat?post=2809"},{"taxonomy":"product_tag","embeddable":true,"href":"https:\/\/stampcurio.com\/hu\/wp-json\/wp\/v2\/product_tag?post=2809"}],"curies":[{"name":"wp","href":"https:\/\/api.w.org\/{rel}","templated":true}]}}