{"id":2804,"date":"2023-11-14T14:10:56","date_gmt":"2023-11-14T13:10:56","guid":{"rendered":"http:\/\/stampcurio.com\/?post_type=product&#038;p=2804"},"modified":"2025-12-05T04:13:18","modified_gmt":"2025-12-05T03:13:18","slug":"1939-legiposta-boritek-irakbol-budapestre-kuldve-ritka-relacio-erdekes-cenzura-belyegzes","status":"publish","type":"product","link":"https:\/\/stampcurio.com\/hu\/termek\/1939-legiposta-boritek-irakbol-budapestre-kuldve-ritka-relacio-erdekes-cenzura-belyegzes\/","title":{"rendered":"1939 l\u00e9giposta bor\u00edt\u00e9k Irakb\u00f3l Budapestre k\u00fcldve ritka rel\u00e1ci\u00f3 + \u00e9rdekes cenz\u00fara b\u00e9lyegz\u00e9s"},"content":{"rendered":"","protected":false},"excerpt":{"rendered":"","protected":false},"featured_media":2494,"template":"","meta":[],"product_brand":[],"product_cat":[320,73],"product_tag":[1044,233,115,67,89],"class_list":{"0":"post-2804","1":"product","2":"type-product","3":"status-publish","4":"has-post-thumbnail","6":"product_cat-irak-1st","7":"product_cat-magyarorszag-1st","8":"product_tag-1st-auction-hu","9":"product_tag-cenzura","10":"product_tag-legiposta","11":"product_tag-marcofilatelia","12":"product_tag-postatortenet","13":"pa_catalog_id-319","15":"first","16":"instock","17":"sold-individually","18":"shipping-taxable","19":"product-type-simple"},"_links":{"self":[{"href":"https:\/\/stampcurio.com\/hu\/wp-json\/wp\/v2\/product\/2804","targetHints":{"allow":["GET"]}}],"collection":[{"href":"https:\/\/stampcurio.com\/hu\/wp-json\/wp\/v2\/product"}],"about":[{"href":"https:\/\/stampcurio.com\/hu\/wp-json\/wp\/v2\/types\/product"}],"wp:featuredmedia":[{"embeddable":true,"href":"https:\/\/stampcurio.com\/hu\/wp-json\/wp\/v2\/media\/2494"}],"wp:attachment":[{"href":"https:\/\/stampcurio.com\/hu\/wp-json\/wp\/v2\/media?parent=2804"}],"wp:term":[{"taxonomy":"product_brand","embeddable":true,"href":"https:\/\/stampcurio.com\/hu\/wp-json\/wp\/v2\/product_brand?post=2804"},{"taxonomy":"product_cat","embeddable":true,"href":"https:\/\/stampcurio.com\/hu\/wp-json\/wp\/v2\/product_cat?post=2804"},{"taxonomy":"product_tag","embeddable":true,"href":"https:\/\/stampcurio.com\/hu\/wp-json\/wp\/v2\/product_tag?post=2804"}],"curies":[{"name":"wp","href":"https:\/\/api.w.org\/{rel}","templated":true}]}}