{"id":2803,"date":"2023-11-14T14:05:14","date_gmt":"2023-11-14T13:05:14","guid":{"rendered":"http:\/\/stampcurio.com\/?post_type=product&#038;p=2803"},"modified":"2025-12-05T04:13:18","modified_gmt":"2025-12-05T03:13:18","slug":"1916-k-u-k-tabori-posta-lap-gorogorszagba-kuldve-300-honved-gyalog-ezred-tabori-postan-ritkan-lathato-desztinacio","status":"publish","type":"product","link":"https:\/\/stampcurio.com\/hu\/termek\/1916-k-u-k-tabori-posta-lap-gorogorszagba-kuldve-300-honved-gyalog-ezred-tabori-postan-ritkan-lathato-desztinacio\/","title":{"rendered":"1916 k.u.k. t\u00e1bori posta lap G\u00f6r\u00f6gorsz\u00e1gba k\u00fcldve &#8211; 300. honv\u00e9d gyalog ezred &#8211;  t\u00e1bori post\u00e1n ritk\u00e1n l\u00e1that\u00f3 desztin\u00e1ci\u00f3"},"content":{"rendered":"","protected":false},"excerpt":{"rendered":"","protected":false},"featured_media":11156,"template":"","meta":[],"product_brand":[],"product_cat":[60,285,73],"product_tag":[1044,89,208],"class_list":{"0":"post-2803","1":"product","2":"type-product","3":"status-publish","4":"has-post-thumbnail","6":"product_cat-ausztria-1st","7":"product_cat-gorogorszag-1st","8":"product_cat-magyarorszag-1st","9":"product_tag-1st-auction-hu","10":"product_tag-postatortenet","11":"product_tag-tabori-posta","12":"pa_catalog_id-318","14":"first","15":"instock","16":"sold-individually","17":"shipping-taxable","18":"product-type-simple"},"_links":{"self":[{"href":"https:\/\/stampcurio.com\/hu\/wp-json\/wp\/v2\/product\/2803","targetHints":{"allow":["GET"]}}],"collection":[{"href":"https:\/\/stampcurio.com\/hu\/wp-json\/wp\/v2\/product"}],"about":[{"href":"https:\/\/stampcurio.com\/hu\/wp-json\/wp\/v2\/types\/product"}],"wp:featuredmedia":[{"embeddable":true,"href":"https:\/\/stampcurio.com\/hu\/wp-json\/wp\/v2\/media\/11156"}],"wp:attachment":[{"href":"https:\/\/stampcurio.com\/hu\/wp-json\/wp\/v2\/media?parent=2803"}],"wp:term":[{"taxonomy":"product_brand","embeddable":true,"href":"https:\/\/stampcurio.com\/hu\/wp-json\/wp\/v2\/product_brand?post=2803"},{"taxonomy":"product_cat","embeddable":true,"href":"https:\/\/stampcurio.com\/hu\/wp-json\/wp\/v2\/product_cat?post=2803"},{"taxonomy":"product_tag","embeddable":true,"href":"https:\/\/stampcurio.com\/hu\/wp-json\/wp\/v2\/product_tag?post=2803"}],"curies":[{"name":"wp","href":"https:\/\/api.w.org\/{rel}","templated":true}]}}