{"id":2801,"date":"2023-11-14T13:58:56","date_gmt":"2023-11-14T12:58:56","guid":{"rendered":"http:\/\/stampcurio.com\/?post_type=product&#038;p=2801"},"modified":"2025-12-05T04:13:19","modified_gmt":"2025-12-05T03:13:19","slug":"1984-nemetorszag-egy-etiopiaba-legipostan-kuldott-csomag-szallitolevele-rendkivul-ritka-desztinacio","status":"publish","type":"product","link":"https:\/\/stampcurio.com\/hu\/termek\/1984-nemetorszag-egy-etiopiaba-legipostan-kuldott-csomag-szallitolevele-rendkivul-ritka-desztinacio\/","title":{"rendered":"1984 N\u00e9metorsz\u00e1g  \u2013 egy Eti\u00f3pi\u00e1ba l\u00e9gipost\u00e1n k\u00fcld\u00f6tt csomag sz\u00e1ll\u00edt\u00f3levele \u2013 rendk\u00edv\u00fcl ritka desztin\u00e1ci\u00f3"},"content":{"rendered":"","protected":false},"excerpt":{"rendered":"","protected":false},"featured_media":11159,"template":"","meta":[],"product_brand":[],"product_cat":[312,113],"product_tag":[1044,115,89,157],"class_list":{"0":"post-2801","1":"product","2":"type-product","3":"status-publish","4":"has-post-thumbnail","6":"product_cat-etiopia-1st","7":"product_cat-nemetorszag-1st","8":"product_tag-1st-auction-hu","9":"product_tag-legiposta","10":"product_tag-postatortenet","11":"product_tag-szallitolevel","12":"pa_catalog_id-317","14":"first","15":"instock","16":"sold-individually","17":"shipping-taxable","18":"product-type-simple"},"_links":{"self":[{"href":"https:\/\/stampcurio.com\/hu\/wp-json\/wp\/v2\/product\/2801","targetHints":{"allow":["GET"]}}],"collection":[{"href":"https:\/\/stampcurio.com\/hu\/wp-json\/wp\/v2\/product"}],"about":[{"href":"https:\/\/stampcurio.com\/hu\/wp-json\/wp\/v2\/types\/product"}],"wp:featuredmedia":[{"embeddable":true,"href":"https:\/\/stampcurio.com\/hu\/wp-json\/wp\/v2\/media\/11159"}],"wp:attachment":[{"href":"https:\/\/stampcurio.com\/hu\/wp-json\/wp\/v2\/media?parent=2801"}],"wp:term":[{"taxonomy":"product_brand","embeddable":true,"href":"https:\/\/stampcurio.com\/hu\/wp-json\/wp\/v2\/product_brand?post=2801"},{"taxonomy":"product_cat","embeddable":true,"href":"https:\/\/stampcurio.com\/hu\/wp-json\/wp\/v2\/product_cat?post=2801"},{"taxonomy":"product_tag","embeddable":true,"href":"https:\/\/stampcurio.com\/hu\/wp-json\/wp\/v2\/product_tag?post=2801"}],"curies":[{"name":"wp","href":"https:\/\/api.w.org\/{rel}","templated":true}]}}