{"id":2799,"date":"2023-11-14T13:52:47","date_gmt":"2023-11-14T12:52:47","guid":{"rendered":"http:\/\/stampcurio.com\/?post_type=product&#038;p=2799"},"modified":"2025-12-05T04:13:19","modified_gmt":"2025-12-05T03:13:19","slug":"1970-gorogorszag-etiopiaba-kuldott-csomag-szallitolevele-rendkivul-ritka-desztinacio","status":"publish","type":"product","link":"https:\/\/stampcurio.com\/hu\/termek\/1970-gorogorszag-etiopiaba-kuldott-csomag-szallitolevele-rendkivul-ritka-desztinacio\/","title":{"rendered":"1970 G\u00f6r\u00f6gorsz\u00e1g &#8211; Eti\u00f3pi\u00e1ba k\u00fcld\u00f6tt csomag sz\u00e1ll\u00edt\u00f3levele &#8211; rendk\u00edv\u00fcl ritka desztin\u00e1ci\u00f3."},"content":{"rendered":"","protected":false},"excerpt":{"rendered":"","protected":false},"featured_media":11162,"template":"","meta":[],"product_brand":[],"product_cat":[312,285],"product_tag":[1044,89,157],"class_list":{"0":"post-2799","1":"product","2":"type-product","3":"status-publish","4":"has-post-thumbnail","6":"product_cat-etiopia-1st","7":"product_cat-gorogorszag-1st","8":"product_tag-1st-auction-hu","9":"product_tag-postatortenet","10":"product_tag-szallitolevel","11":"pa_catalog_id-316","13":"first","14":"instock","15":"sold-individually","16":"shipping-taxable","17":"product-type-simple"},"_links":{"self":[{"href":"https:\/\/stampcurio.com\/hu\/wp-json\/wp\/v2\/product\/2799","targetHints":{"allow":["GET"]}}],"collection":[{"href":"https:\/\/stampcurio.com\/hu\/wp-json\/wp\/v2\/product"}],"about":[{"href":"https:\/\/stampcurio.com\/hu\/wp-json\/wp\/v2\/types\/product"}],"wp:featuredmedia":[{"embeddable":true,"href":"https:\/\/stampcurio.com\/hu\/wp-json\/wp\/v2\/media\/11162"}],"wp:attachment":[{"href":"https:\/\/stampcurio.com\/hu\/wp-json\/wp\/v2\/media?parent=2799"}],"wp:term":[{"taxonomy":"product_brand","embeddable":true,"href":"https:\/\/stampcurio.com\/hu\/wp-json\/wp\/v2\/product_brand?post=2799"},{"taxonomy":"product_cat","embeddable":true,"href":"https:\/\/stampcurio.com\/hu\/wp-json\/wp\/v2\/product_cat?post=2799"},{"taxonomy":"product_tag","embeddable":true,"href":"https:\/\/stampcurio.com\/hu\/wp-json\/wp\/v2\/product_tag?post=2799"}],"curies":[{"name":"wp","href":"https:\/\/api.w.org\/{rel}","templated":true}]}}