{"id":2797,"date":"2023-11-14T13:47:33","date_gmt":"2023-11-14T12:47:33","guid":{"rendered":"http:\/\/stampcurio.com\/?post_type=product&#038;p=2797"},"modified":"2025-12-05T04:13:20","modified_gmt":"2025-12-05T03:13:20","slug":"1940-legiposta-boritek-budapestrol-londonba-kuldve-a-megszallt-franciaorszagban-a-nacik-altal-feltartoztatva-detained-in-france-postmark","status":"publish","type":"product","link":"https:\/\/stampcurio.com\/hu\/termek\/1940-legiposta-boritek-budapestrol-londonba-kuldve-a-megszallt-franciaorszagban-a-nacik-altal-feltartoztatva-detained-in-france-postmark\/","title":{"rendered":"1940 l\u00e9giposta bor\u00edt\u00e9k Budapestr\u0151l Londonba k\u00fcldve, a megsz\u00e1llt Franciaorsz\u00e1gban a n\u00e1cik \u00e1ltal feltart\u00f3ztatva DETAINED IN FRANCE postmark"},"content":{"rendered":"","protected":false},"excerpt":{"rendered":"","protected":false},"featured_media":11165,"template":"","meta":[],"product_brand":[],"product_cat":[122,73,113],"product_tag":[1044,1008,115,67,89],"class_list":{"0":"post-2797","1":"product","2":"type-product","3":"status-publish","4":"has-post-thumbnail","6":"product_cat-franciaorszag-1st","7":"product_cat-magyarorszag-1st","8":"product_cat-nemetorszag-1st","9":"product_tag-1st-auction-hu","10":"product_tag-ebay","11":"product_tag-legiposta","12":"product_tag-marcofilatelia","13":"product_tag-postatortenet","14":"pa_catalog_id-315","16":"first","17":"instock","18":"sold-individually","19":"shipping-taxable","20":"product-type-simple"},"_links":{"self":[{"href":"https:\/\/stampcurio.com\/hu\/wp-json\/wp\/v2\/product\/2797","targetHints":{"allow":["GET"]}}],"collection":[{"href":"https:\/\/stampcurio.com\/hu\/wp-json\/wp\/v2\/product"}],"about":[{"href":"https:\/\/stampcurio.com\/hu\/wp-json\/wp\/v2\/types\/product"}],"wp:featuredmedia":[{"embeddable":true,"href":"https:\/\/stampcurio.com\/hu\/wp-json\/wp\/v2\/media\/11165"}],"wp:attachment":[{"href":"https:\/\/stampcurio.com\/hu\/wp-json\/wp\/v2\/media?parent=2797"}],"wp:term":[{"taxonomy":"product_brand","embeddable":true,"href":"https:\/\/stampcurio.com\/hu\/wp-json\/wp\/v2\/product_brand?post=2797"},{"taxonomy":"product_cat","embeddable":true,"href":"https:\/\/stampcurio.com\/hu\/wp-json\/wp\/v2\/product_cat?post=2797"},{"taxonomy":"product_tag","embeddable":true,"href":"https:\/\/stampcurio.com\/hu\/wp-json\/wp\/v2\/product_tag?post=2797"}],"curies":[{"name":"wp","href":"https:\/\/api.w.org\/{rel}","templated":true}]}}