{"id":2795,"date":"2023-11-14T13:40:47","date_gmt":"2023-11-14T12:40:47","guid":{"rendered":"http:\/\/stampcurio.com\/?post_type=product&#038;p=2795"},"modified":"2025-12-05T04:13:20","modified_gmt":"2025-12-05T03:13:20","slug":"1910-ausztria-valaszos-dijjegyes-lap-valaszlapja-szabalyszeruen-felhasznalva-svajcbol-visszakuldve-ausztriaba","status":"publish","type":"product","link":"https:\/\/stampcurio.com\/hu\/termek\/1910-ausztria-valaszos-dijjegyes-lap-valaszlapja-szabalyszeruen-felhasznalva-svajcbol-visszakuldve-ausztriaba\/","title":{"rendered":"1910 Ausztria &#8211; v\u00e1laszos d\u00edjjegyes lap v\u00e1laszlapja szab\u00e1lyszer\u0171en felhaszn\u00e1lva, Sv\u00e1jcb\u00f3l visszak\u00fcldve Ausztri\u00e1ba"},"content":{"rendered":"","protected":false},"excerpt":{"rendered":"","protected":false},"featured_media":11168,"template":"","meta":[],"product_brand":[],"product_cat":[60,107],"product_tag":[1044,74,67,89],"class_list":{"0":"post-2795","1":"product","2":"type-product","3":"status-publish","4":"has-post-thumbnail","6":"product_cat-ausztria-1st","7":"product_cat-svajc-1st","8":"product_tag-1st-auction-hu","9":"product_tag-dijjegyes","10":"product_tag-marcofilatelia","11":"product_tag-postatortenet","12":"pa_catalog_id-314","14":"first","15":"instock","16":"sold-individually","17":"shipping-taxable","18":"product-type-simple"},"_links":{"self":[{"href":"https:\/\/stampcurio.com\/hu\/wp-json\/wp\/v2\/product\/2795","targetHints":{"allow":["GET"]}}],"collection":[{"href":"https:\/\/stampcurio.com\/hu\/wp-json\/wp\/v2\/product"}],"about":[{"href":"https:\/\/stampcurio.com\/hu\/wp-json\/wp\/v2\/types\/product"}],"wp:featuredmedia":[{"embeddable":true,"href":"https:\/\/stampcurio.com\/hu\/wp-json\/wp\/v2\/media\/11168"}],"wp:attachment":[{"href":"https:\/\/stampcurio.com\/hu\/wp-json\/wp\/v2\/media?parent=2795"}],"wp:term":[{"taxonomy":"product_brand","embeddable":true,"href":"https:\/\/stampcurio.com\/hu\/wp-json\/wp\/v2\/product_brand?post=2795"},{"taxonomy":"product_cat","embeddable":true,"href":"https:\/\/stampcurio.com\/hu\/wp-json\/wp\/v2\/product_cat?post=2795"},{"taxonomy":"product_tag","embeddable":true,"href":"https:\/\/stampcurio.com\/hu\/wp-json\/wp\/v2\/product_tag?post=2795"}],"curies":[{"name":"wp","href":"https:\/\/api.w.org\/{rel}","templated":true}]}}