{"id":2793,"date":"2023-11-14T13:08:06","date_gmt":"2023-11-14T12:08:06","guid":{"rendered":"http:\/\/stampcurio.com\/?post_type=product&#038;p=2793"},"modified":"2025-12-05T04:13:21","modified_gmt":"2025-12-05T03:13:21","slug":"1971-csodalatos-szallitolevel-svedorszagbol-etiopiaba-legipostan-kuldott-ket-csomagrol-elkepeszto-3567-korona-39-belyeges-bermentesitessel","status":"publish","type":"product","link":"https:\/\/stampcurio.com\/hu\/termek\/1971-csodalatos-szallitolevel-svedorszagbol-etiopiaba-legipostan-kuldott-ket-csomagrol-elkepeszto-3567-korona-39-belyeges-bermentesitessel\/","title":{"rendered":"1971 csod\u00e1latos sz\u00e1ll\u00edt\u00f3lev\u00e9l Sv\u00e9dorsz\u00e1gb\u00f3l Eti\u00f3pi\u00e1ba l\u00e9gipost\u00e1n k\u00fcld\u00f6tt k\u00e9t csomagr\u00f3l, elk\u00e9peszt\u0151 356,7 Korona 39 b\u00e9lyeges b\u00e9rmentes\u00edt\u00e9ssel"},"content":{"rendered":"","protected":false},"excerpt":{"rendered":"<p>Rendk\u00edv\u00fcl ritka desztin\u00e1ci\u00f3.<\/p>\n","protected":false},"featured_media":2461,"template":"","meta":[],"product_brand":[],"product_cat":[312,136],"product_tag":[1044,116,115,176,89,157],"class_list":{"0":"post-2793","1":"product","2":"type-product","3":"status-publish","4":"has-post-thumbnail","6":"product_cat-etiopia-1st","7":"product_cat-svedorszag-1st","8":"product_tag-1st-auction-hu","9":"product_tag-belyeg","10":"product_tag-legiposta","11":"product_tag-philagem","12":"product_tag-postatortenet","13":"product_tag-szallitolevel","14":"pa_catalog_id-311","16":"first","17":"instock","18":"sold-individually","19":"shipping-taxable","20":"product-type-simple"},"_links":{"self":[{"href":"https:\/\/stampcurio.com\/hu\/wp-json\/wp\/v2\/product\/2793","targetHints":{"allow":["GET"]}}],"collection":[{"href":"https:\/\/stampcurio.com\/hu\/wp-json\/wp\/v2\/product"}],"about":[{"href":"https:\/\/stampcurio.com\/hu\/wp-json\/wp\/v2\/types\/product"}],"wp:featuredmedia":[{"embeddable":true,"href":"https:\/\/stampcurio.com\/hu\/wp-json\/wp\/v2\/media\/2461"}],"wp:attachment":[{"href":"https:\/\/stampcurio.com\/hu\/wp-json\/wp\/v2\/media?parent=2793"}],"wp:term":[{"taxonomy":"product_brand","embeddable":true,"href":"https:\/\/stampcurio.com\/hu\/wp-json\/wp\/v2\/product_brand?post=2793"},{"taxonomy":"product_cat","embeddable":true,"href":"https:\/\/stampcurio.com\/hu\/wp-json\/wp\/v2\/product_cat?post=2793"},{"taxonomy":"product_tag","embeddable":true,"href":"https:\/\/stampcurio.com\/hu\/wp-json\/wp\/v2\/product_tag?post=2793"}],"curies":[{"name":"wp","href":"https:\/\/api.w.org\/{rel}","templated":true}]}}