{"id":27922,"date":"2025-11-24T19:37:00","date_gmt":"2025-11-24T18:37:00","guid":{"rendered":"https:\/\/stampcurio.com\/product\/sc-25-1194\/"},"modified":"2025-12-31T20:14:03","modified_gmt":"2025-12-31T19:14:03","slug":"1920-olaszorszag-venezia-giulia-felulnyomasu-szallitolevelek-pragaba-kuldve-ott-csehszlovak-belyegekkel-megportozva","status":"publish","type":"product","link":"https:\/\/stampcurio.com\/hu\/termek\/1920-olaszorszag-venezia-giulia-felulnyomasu-szallitolevelek-pragaba-kuldve-ott-csehszlovak-belyegekkel-megportozva\/","title":{"rendered":"1920 Olaszorsz\u00e1g &#8211; Venezia Giulia fel\u00fclnyom\u00e1s\u00fa sz\u00e1ll\u00edt\u00f3levelek Pr\u00e1g\u00e1ba k\u00fcldve, ott Csehszlov\u00e1k b\u00e9lyegekkel megport\u00f3zva"},"content":{"rendered":"","protected":false},"excerpt":{"rendered":"","protected":false},"featured_media":27921,"template":"","meta":[],"product_brand":[],"product_cat":[1238,1183],"product_tag":[1669,116,74,1332,108,89,157],"class_list":{"0":"post-27922","1":"product","2":"type-product","3":"status-publish","4":"has-post-thumbnail","6":"product_cat-csehorszag","7":"product_cat-olaszorszag","8":"product_tag-3rd-auction","9":"product_tag-belyeg","10":"product_tag-dijjegyes","11":"product_tag-helyi-kiadas","12":"product_tag-porto","13":"product_tag-postatortenet","14":"product_tag-szallitolevel","16":"first","17":"outofstock","18":"sold-individually","19":"shipping-taxable","20":"purchasable","21":"product-type-simple"},"_links":{"self":[{"href":"https:\/\/stampcurio.com\/hu\/wp-json\/wp\/v2\/product\/27922","targetHints":{"allow":["GET"]}}],"collection":[{"href":"https:\/\/stampcurio.com\/hu\/wp-json\/wp\/v2\/product"}],"about":[{"href":"https:\/\/stampcurio.com\/hu\/wp-json\/wp\/v2\/types\/product"}],"wp:featuredmedia":[{"embeddable":true,"href":"https:\/\/stampcurio.com\/hu\/wp-json\/wp\/v2\/media\/27921"}],"wp:attachment":[{"href":"https:\/\/stampcurio.com\/hu\/wp-json\/wp\/v2\/media?parent=27922"}],"wp:term":[{"taxonomy":"product_brand","embeddable":true,"href":"https:\/\/stampcurio.com\/hu\/wp-json\/wp\/v2\/product_brand?post=27922"},{"taxonomy":"product_cat","embeddable":true,"href":"https:\/\/stampcurio.com\/hu\/wp-json\/wp\/v2\/product_cat?post=27922"},{"taxonomy":"product_tag","embeddable":true,"href":"https:\/\/stampcurio.com\/hu\/wp-json\/wp\/v2\/product_tag?post=27922"}],"curies":[{"name":"wp","href":"https:\/\/api.w.org\/{rel}","templated":true}]}}