{"id":2790,"date":"2023-11-14T12:50:16","date_gmt":"2023-11-14T11:50:16","guid":{"rendered":"http:\/\/stampcurio.com\/?post_type=product&#038;p=2790"},"modified":"2025-12-05T04:13:21","modified_gmt":"2025-12-05T03:13:21","slug":"1937-legiposta-boritek-magyarorszag-singapore-f-a-m-14-repulessel-hong-kong-san-francisco-usa-hindenburggal-tervezve-magyarorszag","status":"publish","type":"product","link":"https:\/\/stampcurio.com\/hu\/termek\/1937-legiposta-boritek-magyarorszag-singapore-f-a-m-14-repulessel-hong-kong-san-francisco-usa-hindenburggal-tervezve-magyarorszag\/","title":{"rendered":"1937 l\u00e9giposta bor\u00edt\u00e9k Magyarorsz\u00e1g -> Singapore ->  F.A.M. 14 rep\u00fcl\u00e9ssel Hong Kong &#8211; San Francisco -> USA -> Hindenburggal tervezve -> Magyarorsz\u00e1g"},"content":{"rendered":"","protected":false},"excerpt":{"rendered":"<p>Rendk\u00edv\u00fcl \u00e9rdekes postat\u00f6rt\u00e9neti darab:<br \/>\n\u00c1prilis 9.i felad\u00e1skor a lev\u00e9l vissza\u00fatj\u00e1t m\u00e9g a Hindenburggal tervezt\u00e9k, de a Hindenhurg m\u00e1jus 6-\u00e1n lezuhant, \u00edgy a m\u00e1jus eleji vissza\u00faton m\u00e1r bizonyossan nem sz\u00e1ll\u00edthatta ezt a levelet. Az \u00fat a postab\u00e9lyegz\u0151k alapj\u00e1n a k\u00f6vetkez\u0151 \u00e1llom\u00e1sokat \u00e9rintette:<br \/>\n1. Budapest: \u00e1prilis 9.<br \/>\n2. Szingap\u00far: \u00e1prilis 14.<br \/>\n3. (Hong Kong?)<br \/>\n4. San Francisco: m\u00e1jus 4.<br \/>\n5. Springfield m\u00e1jus 6. \u00e9rkez\u00e9s<br \/>\nItt a levelet \u00fajra b\u00e9rmentes\u00edtett\u00e9k \u00e9s visszair\u00e1ny\u00edtott\u00e1k Magyarorsz\u00e1gra.<br \/>\n6. Springfield: m\u00e1jus 6. ind\u00edt\u00e1s<br \/>\n7. New York: m\u00e1jus 7.<br \/>\n8. Budapest: m\u00e1jus 17.<\/p>\n","protected":false},"featured_media":2443,"template":"","meta":[],"product_brand":[],"product_cat":[298,180,974,207,73,113,309],"product_tag":[1044,116,115,67,176,89,172,150],"class_list":{"0":"post-2790","1":"product","2":"type-product","3":"status-publish","4":"has-post-thumbnail","6":"product_cat-egyesult-allamok-1st","7":"product_cat-egyesult-kiralysag-1st","8":"product_cat-hongkong-1st","9":"product_cat-kina-1st","10":"product_cat-magyarorszag-1st","11":"product_cat-nemetorszag-1st","12":"product_cat-szingapur-1st","13":"product_tag-1st-auction-hu","14":"product_tag-belyeg","15":"product_tag-legiposta","16":"product_tag-marcofilatelia","17":"product_tag-philagem","18":"product_tag-postatortenet","19":"product_tag-vegyes-bermentesites","20":"product_tag-zeppelin","21":"pa_catalog_id-308","23":"first","24":"instock","25":"sold-individually","26":"shipping-taxable","27":"product-type-simple"},"_links":{"self":[{"href":"https:\/\/stampcurio.com\/hu\/wp-json\/wp\/v2\/product\/2790","targetHints":{"allow":["GET"]}}],"collection":[{"href":"https:\/\/stampcurio.com\/hu\/wp-json\/wp\/v2\/product"}],"about":[{"href":"https:\/\/stampcurio.com\/hu\/wp-json\/wp\/v2\/types\/product"}],"wp:featuredmedia":[{"embeddable":true,"href":"https:\/\/stampcurio.com\/hu\/wp-json\/wp\/v2\/media\/2443"}],"wp:attachment":[{"href":"https:\/\/stampcurio.com\/hu\/wp-json\/wp\/v2\/media?parent=2790"}],"wp:term":[{"taxonomy":"product_brand","embeddable":true,"href":"https:\/\/stampcurio.com\/hu\/wp-json\/wp\/v2\/product_brand?post=2790"},{"taxonomy":"product_cat","embeddable":true,"href":"https:\/\/stampcurio.com\/hu\/wp-json\/wp\/v2\/product_cat?post=2790"},{"taxonomy":"product_tag","embeddable":true,"href":"https:\/\/stampcurio.com\/hu\/wp-json\/wp\/v2\/product_tag?post=2790"}],"curies":[{"name":"wp","href":"https:\/\/api.w.org\/{rel}","templated":true}]}}