{"id":2788,"date":"2023-11-14T12:17:24","date_gmt":"2023-11-14T11:17:24","guid":{"rendered":"http:\/\/stampcurio.com\/?post_type=product&#038;p=2788"},"modified":"2025-12-05T04:13:21","modified_gmt":"2025-12-05T03:13:21","slug":"1931-magyarorszag-czaja-janos-dijbirkozo-dijjegyes-levelezolapja-fucsek-jozsef-tobbszoros-magyar-bajnoknak","status":"publish","type":"product","link":"https:\/\/stampcurio.com\/hu\/termek\/1931-magyarorszag-czaja-janos-dijbirkozo-dijjegyes-levelezolapja-fucsek-jozsef-tobbszoros-magyar-bajnoknak\/","title":{"rendered":"1931 Magyarorsz\u00e1g Cz\u00e1ja J\u00e1nos d\u00edjbirk\u00f3z\u00f3 d\u00edjjegyes levelez\u0151lapja Fucsek J\u00f3zsef t\u00f6bbsz\u00f6r\u00f6s magyar bajnoknak"},"content":{"rendered":"","protected":false},"excerpt":{"rendered":"<p>Cz\u00e1ja J\u00e1nos (Bp., 1887. jan. 23. \u2013 Bp., 1937. m\u00e1rc. 22.): d\u00edjbirk\u00f3z\u00f3, cirkuszigazgat\u00f3.<\/p>\n","protected":false},"featured_media":11171,"template":"","meta":[],"product_brand":[],"product_cat":[73],"product_tag":[1044,304,305,74,264],"class_list":{"0":"post-2788","1":"product","2":"type-product","3":"status-publish","4":"has-post-thumbnail","6":"product_cat-magyarorszag-1st","7":"product_tag-1st-auction-hu","8":"product_tag-birkozas","9":"product_tag-cirkusz","10":"product_tag-dijjegyes","11":"product_tag-sport","12":"pa_catalog_id-303","14":"first","15":"instock","16":"sold-individually","17":"shipping-taxable","18":"product-type-simple"},"_links":{"self":[{"href":"https:\/\/stampcurio.com\/hu\/wp-json\/wp\/v2\/product\/2788","targetHints":{"allow":["GET"]}}],"collection":[{"href":"https:\/\/stampcurio.com\/hu\/wp-json\/wp\/v2\/product"}],"about":[{"href":"https:\/\/stampcurio.com\/hu\/wp-json\/wp\/v2\/types\/product"}],"wp:featuredmedia":[{"embeddable":true,"href":"https:\/\/stampcurio.com\/hu\/wp-json\/wp\/v2\/media\/11171"}],"wp:attachment":[{"href":"https:\/\/stampcurio.com\/hu\/wp-json\/wp\/v2\/media?parent=2788"}],"wp:term":[{"taxonomy":"product_brand","embeddable":true,"href":"https:\/\/stampcurio.com\/hu\/wp-json\/wp\/v2\/product_brand?post=2788"},{"taxonomy":"product_cat","embeddable":true,"href":"https:\/\/stampcurio.com\/hu\/wp-json\/wp\/v2\/product_cat?post=2788"},{"taxonomy":"product_tag","embeddable":true,"href":"https:\/\/stampcurio.com\/hu\/wp-json\/wp\/v2\/product_tag?post=2788"}],"curies":[{"name":"wp","href":"https:\/\/api.w.org\/{rel}","templated":true}]}}