{"id":2787,"date":"2023-11-14T12:08:46","date_gmt":"2023-11-14T11:08:46","guid":{"rendered":"http:\/\/stampcurio.com\/?post_type=product&#038;p=2787"},"modified":"2025-12-05T04:13:22","modified_gmt":"2025-12-05T03:13:22","slug":"1889-china-shanghai-helyi-dijjegyes-levelezesi-lap-az-osztrak-magyar-konzulnak-kuldve","status":"publish","type":"product","link":"https:\/\/stampcurio.com\/hu\/termek\/1889-china-shanghai-helyi-dijjegyes-levelezesi-lap-az-osztrak-magyar-konzulnak-kuldve\/","title":{"rendered":"1889 China &#8211; Shanghai helyi d\u00edjjegyes levelez\u00e9si lap az osztr\u00e1k-magyar konzulnak k\u00fcldve"},"content":{"rendered":"","protected":false},"excerpt":{"rendered":"","protected":false},"featured_media":11179,"template":"","meta":[],"product_brand":[],"product_cat":[60,207,73],"product_tag":[1044,74,127,67,89],"class_list":{"0":"post-2787","1":"product","2":"type-product","3":"status-publish","4":"has-post-thumbnail","6":"product_cat-ausztria-1st","7":"product_cat-kina-1st","8":"product_cat-magyarorszag-1st","9":"product_tag-1st-auction-hu","10":"product_tag-dijjegyes","11":"product_tag-konzulatusi-posta","12":"product_tag-marcofilatelia","13":"product_tag-postatortenet","14":"pa_catalog_id-302","16":"first","17":"instock","18":"sold-individually","19":"shipping-taxable","20":"product-type-simple"},"_links":{"self":[{"href":"https:\/\/stampcurio.com\/hu\/wp-json\/wp\/v2\/product\/2787","targetHints":{"allow":["GET"]}}],"collection":[{"href":"https:\/\/stampcurio.com\/hu\/wp-json\/wp\/v2\/product"}],"about":[{"href":"https:\/\/stampcurio.com\/hu\/wp-json\/wp\/v2\/types\/product"}],"wp:featuredmedia":[{"embeddable":true,"href":"https:\/\/stampcurio.com\/hu\/wp-json\/wp\/v2\/media\/11179"}],"wp:attachment":[{"href":"https:\/\/stampcurio.com\/hu\/wp-json\/wp\/v2\/media?parent=2787"}],"wp:term":[{"taxonomy":"product_brand","embeddable":true,"href":"https:\/\/stampcurio.com\/hu\/wp-json\/wp\/v2\/product_brand?post=2787"},{"taxonomy":"product_cat","embeddable":true,"href":"https:\/\/stampcurio.com\/hu\/wp-json\/wp\/v2\/product_cat?post=2787"},{"taxonomy":"product_tag","embeddable":true,"href":"https:\/\/stampcurio.com\/hu\/wp-json\/wp\/v2\/product_tag?post=2787"}],"curies":[{"name":"wp","href":"https:\/\/api.w.org\/{rel}","templated":true}]}}